{"id":278,"date":"2020-11-04T08:57:43","date_gmt":"2020-11-04T08:57:43","guid":{"rendered":"https:\/\/themes.getmotopress.com\/albatross\/?page_id=278"},"modified":"2023-11-16T18:11:01","modified_gmt":"2023-11-16T17:11:01","slug":"okolica","status":"publish","type":"page","link":"https:\/\/apartmaji-silva.com\/de\/okolica\/","title":{"rendered":"Umgebend"},"content":{"rendered":"<div data-elementor-type=\"wp-page\" data-elementor-id=\"278\" class=\"elementor elementor-278\" data-elementor-post-type=\"page\">\n\t\t\t\t\t\t\t\t\t<section class=\"elementor-section elementor-top-section elementor-element elementor-element-4d6448a elementor-section-boxed elementor-section-height-default elementor-section-height-default\" data-id=\"4d6448a\" data-element_type=\"section\">\n\t\t\t\t\t\t<div class=\"elementor-container elementor-column-gap-default\">\n\t\t\t\t\t<div class=\"elementor-column elementor-col-100 elementor-top-column elementor-element elementor-element-fc231ad\" data-id=\"fc231ad\" data-element_type=\"column\">\n\t\t\t<div class=\"elementor-widget-wrap elementor-element-populated\">\n\t\t\t\t\t\t\t\t<div class=\"elementor-element elementor-element-ae5a403 outlined elementor-widget elementor-widget-heading\" data-id=\"ae5a403\" data-element_type=\"widget\" data-widget_type=\"heading.default\">\n\t\t\t\t<div class=\"elementor-widget-container\">\n\t\t\t<style>\/*! elementor - v3.17.0 - 08-11-2023 *\/\n.elementor-heading-title{padding:0;margin:0;line-height:1}.elementor-widget-heading .elementor-heading-title[class*=elementor-size-]>a{color:inherit;font-size:inherit;line-height:inherit}.elementor-widget-heading .elementor-heading-title.elementor-size-small{font-size:15px}.elementor-widget-heading .elementor-heading-title.elementor-size-medium{font-size:19px}.elementor-widget-heading .elementor-heading-title.elementor-size-large{font-size:29px}.elementor-widget-heading .elementor-heading-title.elementor-size-xl{font-size:39px}.elementor-widget-heading .elementor-heading-title.elementor-size-xxl{font-size:59px}<\/style><h2 class=\"elementor-heading-title elementor-size-default\">Was ist zu tun?<\/h2>\t\t<\/div>\n\t\t\t\t<\/div>\n\t\t\t\t\t<\/div>\n\t\t<\/div>\n\t\t\t\t\t\t\t<\/div>\n\t\t<\/section>\n\t\t<div class=\"elementor-element elementor-element-0fc1ea2 e-flex e-con-boxed e-con e-parent\" data-id=\"0fc1ea2\" data-element_type=\"container\" data-settings=\"{&quot;content_width&quot;:&quot;boxed&quot;}\" data-core-v316-plus=\"true\">\n\t\t\t\t\t<div class=\"e-con-inner\">\n\t\t<div class=\"elementor-element elementor-element-a6df0ac e-con-full e-flex e-con e-child\" data-id=\"a6df0ac\" data-element_type=\"container\" data-settings=\"{&quot;content_width&quot;:&quot;full&quot;,&quot;background_background&quot;:&quot;classic&quot;}\">\n\t\t\t\t<\/div>\n\t\t<div class=\"elementor-element elementor-element-1881336 e-con-full e-flex e-con e-child\" data-id=\"1881336\" data-element_type=\"container\" data-settings=\"{&quot;content_width&quot;:&quot;full&quot;}\">\n\t\t\t\t<div class=\"elementor-element elementor-element-f5112d3 elementor-widget elementor-widget-heading\" data-id=\"f5112d3\" data-element_type=\"widget\" data-widget_type=\"heading.default\">\n\t\t\t\t<div class=\"elementor-widget-container\">\n\t\t\t<h2 class=\"elementor-heading-title elementor-size-default\">Besuch des interaktiven Parks EXPANO<\/h2>\t\t<\/div>\n\t\t\t\t<\/div>\n\t\t\t\t<div class=\"elementor-element elementor-element-c4a694d elementor-widget elementor-widget-text-editor\" data-id=\"c4a694d\" data-element_type=\"widget\" data-widget_type=\"text-editor.default\">\n\t\t\t\t<div class=\"elementor-widget-container\">\n\t\t\t<style>\/*! elementor - v3.17.0 - 08-11-2023 *\/\n.elementor-widget-text-editor.elementor-drop-cap-view-stacked .elementor-drop-cap{background-color:#69727d;color:#fff}.elementor-widget-text-editor.elementor-drop-cap-view-framed .elementor-drop-cap{color:#69727d;border:3px solid;background-color:transparent}.elementor-widget-text-editor:not(.elementor-drop-cap-view-default) .elementor-drop-cap{margin-top:8px}.elementor-widget-text-editor:not(.elementor-drop-cap-view-default) .elementor-drop-cap-letter{width:1em;height:1em}.elementor-widget-text-editor .elementor-drop-cap{float:left;text-align:center;line-height:1;font-size:50px}.elementor-widget-text-editor .elementor-drop-cap-letter{display:inline-block}<\/style>\t\t\t\tDer Abenteuerpark Expano, direkt am Sobo\u0161ka-See in Murska Sobota gelegen, wird alle Familien vor allem mit einer interaktiven und technologisch anspruchsvollen Ausstellung zum Thema der Welt entlang der Mur begeistern, bei der viel Wert darauf gelegt wurde Einbeziehung der J\u00fcngsten.\n\nDer fantasievolle Outdoor-Sportpark mit gro\u00dfem Kinderspielplatz und dem gr\u00f6\u00dften Motorradpark der Region wird Sie bestimmt begeistern. Hier k\u00f6nnen Sie problemlos einen ganzen Tag verbringen und sich in einem Gasthaus mit herrlichem Blick auf den See und den Sportpark mit k\u00f6stlichen, lokalen pomurischen K\u00f6stlichkeiten den Magen f\u00fcllen.\t\t\t\t\t\t<\/div>\n\t\t\t\t<\/div>\n\t\t\t\t<\/div>\n\t\t\t\t\t<\/div>\n\t\t\t\t<\/div>\n\t\t<div class=\"elementor-element elementor-element-95a8756 e-flex e-con-boxed e-con e-parent\" data-id=\"95a8756\" data-element_type=\"container\" data-settings=\"{&quot;content_width&quot;:&quot;boxed&quot;}\" data-core-v316-plus=\"true\">\n\t\t\t\t\t<div class=\"e-con-inner\">\n\t\t<div class=\"elementor-element elementor-element-b59c4ee e-con-full e-flex e-con e-child\" data-id=\"b59c4ee\" data-element_type=\"container\" data-settings=\"{&quot;content_width&quot;:&quot;full&quot;}\">\n\t\t\t\t<div class=\"elementor-element elementor-element-d2cdb46 elementor-widget elementor-widget-heading\" data-id=\"d2cdb46\" data-element_type=\"widget\" data-widget_type=\"heading.default\">\n\t\t\t\t<div class=\"elementor-widget-container\">\n\t\t\t<h2 class=\"elementor-heading-title elementor-size-default\">Der Sobo\u0161ka-See lockt<\/h2>\t\t<\/div>\n\t\t\t\t<\/div>\n\t\t\t\t<div class=\"elementor-element elementor-element-6961ea1 elementor-widget elementor-widget-text-editor\" data-id=\"6961ea1\" data-element_type=\"widget\" data-widget_type=\"text-editor.default\">\n\t\t\t\t<div class=\"elementor-widget-container\">\n\t\t\t\t\t\t\tDer Sobo\u0161ko-See, vor einiger Zeit ein degradiertes Gebiet, ist heute ein wahres Paradies f\u00fcr Naturliebhaber und Sport-Adrenalin-Liebhaber.\n\nDer See mit seinem Motorpark, der 35 verschiedene Trainingsger\u00e4te und Picknickpl\u00e4tze bietet, bietet viele weitere M\u00f6glichkeiten zur Freizeitgestaltung.\n\nDie Erkundung beginnt immer an der Oberfl\u00e4che. Ob Sie an der Oberfl\u00e4che des Sobo\u0161ka-Sees bleiben oder lieber nasse F\u00fc\u00dfe und etwas anderes machen m\u00f6chten, entscheiden Sie selbst. Kommen Sie bald und kommen Sie immer wieder!\t\t\t\t\t\t<\/div>\n\t\t\t\t<\/div>\n\t\t\t\t<\/div>\n\t\t<div class=\"elementor-element elementor-element-53167f9 e-con-full e-flex e-con e-child\" data-id=\"53167f9\" data-element_type=\"container\" data-settings=\"{&quot;content_width&quot;:&quot;full&quot;,&quot;background_background&quot;:&quot;classic&quot;}\">\n\t\t\t\t<\/div>\n\t\t\t\t\t<\/div>\n\t\t\t\t<\/div>\n\t\t<div class=\"elementor-element elementor-element-a3afcd4 e-flex e-con-boxed e-con e-parent\" data-id=\"a3afcd4\" data-element_type=\"container\" data-settings=\"{&quot;content_width&quot;:&quot;boxed&quot;}\" data-core-v316-plus=\"true\">\n\t\t\t\t\t<div class=\"e-con-inner\">\n\t\t<div class=\"elementor-element elementor-element-d7ec0c3 e-con-full e-flex e-con e-child\" data-id=\"d7ec0c3\" data-element_type=\"container\" data-settings=\"{&quot;content_width&quot;:&quot;full&quot;,&quot;background_background&quot;:&quot;classic&quot;}\">\n\t\t\t\t<\/div>\n\t\t<div class=\"elementor-element elementor-element-9bb863d e-con-full e-flex e-con e-child\" data-id=\"9bb863d\" data-element_type=\"container\" data-settings=\"{&quot;content_width&quot;:&quot;full&quot;}\">\n\t\t\t\t<div class=\"elementor-element elementor-element-3aef86e elementor-widget elementor-widget-heading\" data-id=\"3aef86e\" data-element_type=\"widget\" data-widget_type=\"heading.default\">\n\t\t\t\t<div class=\"elementor-widget-container\">\n\t\t\t<h2 class=\"elementor-heading-title elementor-size-default\">Thermalbad Banovci<\/h2>\t\t<\/div>\n\t\t\t\t<\/div>\n\t\t\t\t<div class=\"elementor-element elementor-element-238eb70 elementor-widget elementor-widget-text-editor\" data-id=\"238eb70\" data-element_type=\"widget\" data-widget_type=\"text-editor.default\">\n\t\t\t\t<div class=\"elementor-widget-container\">\n\t\t\t\t\t\t\tBanovci verf\u00fcgt \u00fcber ausgezeichnetes Thermalwasser, das als nat\u00fcrliches Heilmittel anerkannt ist und zur Behandlung von Verletzungen und Beschwerden nach Operationen an Skelett, Gelenken und Muskeln eingesetzt wird. Banovci verf\u00fcgt \u00fcber insgesamt 1.920 m2 Wasserfl\u00e4che, davon 216 m2 Thermalwasser in einem geschlossenen Becken und ausgezeichnetes Thermalwasser, das als nat\u00fcrliches Heilmittel anerkannt ist und bei der Behandlung von Verletzungen und Beschwerden nach Operationen am Skelett eingesetzt wird , Gelenke und Muskeln.\n\nEs ist wunderbar, mitten im Winter in den warmen Quellen des Banovc-Heilbades zu baden, und im Sommer k\u00f6nnen Sie auch die FKK-Umgebung genie\u00dfen.\t\t\t\t\t\t<\/div>\n\t\t\t\t<\/div>\n\t\t\t\t<\/div>\n\t\t\t\t\t<\/div>\n\t\t\t\t<\/div>\n\t\t<div class=\"elementor-element elementor-element-e3d13f9 e-flex e-con-boxed e-con e-parent\" data-id=\"e3d13f9\" data-element_type=\"container\" data-settings=\"{&quot;content_width&quot;:&quot;boxed&quot;}\" data-core-v316-plus=\"true\">\n\t\t\t\t\t<div class=\"e-con-inner\">\n\t\t<div class=\"elementor-element elementor-element-dc0c22e e-con-full e-flex e-con e-child\" data-id=\"dc0c22e\" data-element_type=\"container\" data-settings=\"{&quot;content_width&quot;:&quot;full&quot;}\">\n\t\t\t\t<div class=\"elementor-element elementor-element-47ffbef elementor-widget elementor-widget-heading\" data-id=\"47ffbef\" data-element_type=\"widget\" data-widget_type=\"heading.default\">\n\t\t\t\t<div class=\"elementor-widget-container\">\n\t\t\t<h2 class=\"elementor-heading-title elementor-size-default\">Fahrradrouten<\/h2>\t\t<\/div>\n\t\t\t\t<\/div>\n\t\t\t\t<div class=\"elementor-element elementor-element-28454b6 elementor-widget elementor-widget-text-editor\" data-id=\"28454b6\" data-element_type=\"widget\" data-widget_type=\"text-editor.default\">\n\t\t\t\t<div class=\"elementor-widget-container\">\n\t\t\t\t\t\t\tDamit Sie noch mehr Lust auf die R\u00fcckkehr zu uns bekommen, haben wir einige Vorschl\u00e4ge f\u00fcr Radrundwege f\u00fcr Sie zusammengestellt, auf denen Sie Ihre Zeit in Prekmurje aktiv verbringen k\u00f6nnen und die f\u00fcr Radfahrer mit unterschiedlichem K\u00f6nnen geeignet sind. Sie bieten viele Attraktionen, unber\u00fchrte Natur und viele andere Sch\u00e4tze. Sie beginnen und enden alle in Te\u0161anovci, das auch einer der besseren Ausgangspunkte f\u00fcr Radtouren ist, da es direkt an der Kreuzung der flachen und h\u00fcgeligen Teile von Prekmurje liegt. Aus diesem Grund k\u00f6nnen sich Radfahrer f\u00fcr einfachere, flache Routen in Richtung S\u00fcden entscheiden oder sich auf die steilen H\u00fcgel begeben, die selbst den anspruchsvollsten Radfahrer ins Schwitzen bringen.\n\n\t\t\t\t\t\t<\/div>\n\t\t\t\t<\/div>\n\t\t\t\t<\/div>\n\t\t<div class=\"elementor-element elementor-element-913e1df e-con-full e-flex e-con e-child\" data-id=\"913e1df\" data-element_type=\"container\" data-settings=\"{&quot;content_width&quot;:&quot;full&quot;,&quot;background_background&quot;:&quot;classic&quot;}\">\n\t\t\t\t<\/div>\n\t\t\t\t\t<\/div>\n\t\t\t\t<\/div>\n\t\t\t\t\t\t\t<\/div>","protected":false},"excerpt":{"rendered":"<p>kaj po\u010deti? Obisk interaktivnega parka EXPANO Do\u017eivljajski park Expano, ki le\u017ei tik ob Sobo\u0161kem jezeru v Murski Soboti, bo vse dru\u017eine razveselil najprej z interaktivno in tehnolo\u0161ko dovr\u0161eno razstavo na temo sveta ob Muri, kjer so veliko pozornosti namenili prav vklju\u010devanju najmlaj\u0161ih. Zagotovo pa boste navdu\u0161eni tudi nad domi\u0161ljenim \u0161portnim parkom na prostem, ki vklju\u010duje [&hellip;]<\/p>","protected":false},"author":1,"featured_media":676,"parent":0,"menu_order":0,"comment_status":"closed","ping_status":"closed","template":"template-page-wide.php","meta":{"inline_featured_image":false,"footnotes":""},"yoast_head":"<!-- This site is optimized with the Yoast SEO Premium plugin v21.6 (Yoast SEO v21.6) - https:\/\/yoast.com\/wordpress\/plugins\/seo\/ -->\n<title>Okolica - Ap. Silva kjer se boste imeli lepo<\/title>\n<meta name=\"robots\" content=\"index, follow, max-snippet:-1, max-image-preview:large, max-video-preview:-1\" \/>\n<link rel=\"canonical\" href=\"https:\/\/apartmaji-silva.com\/de\/okolica\/\" \/>\n<meta property=\"og:locale\" content=\"de_DE\" \/>\n<meta property=\"og:type\" content=\"article\" \/>\n<meta property=\"og:title\" content=\"Okolica\" \/>\n<meta property=\"og:description\" content=\"kaj po\u010deti? Obisk interaktivnega parka EXPANO Do\u017eivljajski park Expano, ki le\u017ei tik ob Sobo\u0161kem jezeru v Murski Soboti, bo vse dru\u017eine razveselil najprej z interaktivno in tehnolo\u0161ko dovr\u0161eno razstavo na temo sveta ob Muri, kjer so veliko pozornosti namenili prav vklju\u010devanju najmlaj\u0161ih. Zagotovo pa boste navdu\u0161eni tudi nad domi\u0161ljenim \u0161portnim parkom na prostem, ki vklju\u010duje [&hellip;]\" \/>\n<meta property=\"og:url\" content=\"https:\/\/apartmaji-silva.com\/de\/okolica\/\" \/>\n<meta property=\"og:site_name\" content=\"Ap. Silva kjer se boste imeli lepo\" \/>\n<meta property=\"article:modified_time\" content=\"2023-11-16T17:11:01+00:00\" \/>\n<meta property=\"og:image\" content=\"https:\/\/apartmaji-silva.com\/wp-content\/uploads\/2020\/11\/IMGL8149.webp\" \/>\n\t<meta property=\"og:image:width\" content=\"1249\" \/>\n\t<meta property=\"og:image:height\" content=\"832\" \/>\n\t<meta property=\"og:image:type\" content=\"image\/webp\" \/>\n<meta name=\"twitter:card\" content=\"summary_large_image\" \/>\n<meta name=\"twitter:label1\" content=\"Gesch\u00e4tzte Lesezeit\" \/>\n\t<meta name=\"twitter:data1\" content=\"2\u00a0Minuten\" \/>\n<script type=\"application\/ld+json\" class=\"yoast-schema-graph\">{\"@context\":\"https:\/\/schema.org\",\"@graph\":[{\"@type\":\"WebPage\",\"@id\":\"https:\/\/apartmaji-silva.com\/okolica\/\",\"url\":\"https:\/\/apartmaji-silva.com\/okolica\/\",\"name\":\"Okolica - Ap. Silva kjer se boste imeli lepo\",\"isPartOf\":{\"@id\":\"https:\/\/apartmaji-silva.com\/#website\"},\"datePublished\":\"2020-11-04T08:57:43+00:00\",\"dateModified\":\"2023-11-16T17:11:01+00:00\",\"breadcrumb\":{\"@id\":\"https:\/\/apartmaji-silva.com\/okolica\/#breadcrumb\"},\"inLanguage\":\"de\",\"potentialAction\":[{\"@type\":\"ReadAction\",\"target\":[\"https:\/\/apartmaji-silva.com\/okolica\/\"]}]},{\"@type\":\"BreadcrumbList\",\"@id\":\"https:\/\/apartmaji-silva.com\/okolica\/#breadcrumb\",\"itemListElement\":[{\"@type\":\"ListItem\",\"position\":1,\"name\":\"Home\",\"item\":\"https:\/\/apartmaji-silva.com\/\"},{\"@type\":\"ListItem\",\"position\":2,\"name\":\"Okolica\"}]},{\"@type\":\"WebSite\",\"@id\":\"https:\/\/apartmaji-silva.com\/#website\",\"url\":\"https:\/\/apartmaji-silva.com\/\",\"name\":\"Apartmaji Silva\",\"description\":\"\",\"publisher\":{\"@id\":\"https:\/\/apartmaji-silva.com\/#organization\"},\"potentialAction\":[{\"@type\":\"SearchAction\",\"target\":{\"@type\":\"EntryPoint\",\"urlTemplate\":\"https:\/\/apartmaji-silva.com\/?s={search_term_string}\"},\"query-input\":\"required name=search_term_string\"}],\"inLanguage\":\"de\"},{\"@type\":\"Organization\",\"@id\":\"https:\/\/apartmaji-silva.com\/#organization\",\"name\":\"Apartmaji Silva\",\"url\":\"https:\/\/apartmaji-silva.com\/\",\"logo\":{\"@type\":\"ImageObject\",\"inLanguage\":\"de\",\"@id\":\"https:\/\/apartmaji-silva.com\/#\/schema\/logo\/image\/\",\"url\":\"https:\/\/apartmaji-silva.com\/wp-content\/uploads\/2023\/11\/cropped-logo-logo-1.webp\",\"contentUrl\":\"https:\/\/apartmaji-silva.com\/wp-content\/uploads\/2023\/11\/cropped-logo-logo-1.webp\",\"width\":139,\"height\":109,\"caption\":\"Apartmaji Silva\"},\"image\":{\"@id\":\"https:\/\/apartmaji-silva.com\/#\/schema\/logo\/image\/\"}}]}<\/script>\n<!-- \/ Yoast SEO Premium plugin. -->","yoast_head_json":{"title":"Okolica - Ap. Silva kjer se boste imeli lepo","robots":{"index":"index","follow":"follow","max-snippet":"max-snippet:-1","max-image-preview":"max-image-preview:large","max-video-preview":"max-video-preview:-1"},"canonical":"https:\/\/apartmaji-silva.com\/de\/okolica\/","og_locale":"de_DE","og_type":"article","og_title":"Okolica","og_description":"kaj po\u010deti? Obisk interaktivnega parka EXPANO Do\u017eivljajski park Expano, ki le\u017ei tik ob Sobo\u0161kem jezeru v Murski Soboti, bo vse dru\u017eine razveselil najprej z interaktivno in tehnolo\u0161ko dovr\u0161eno razstavo na temo sveta ob Muri, kjer so veliko pozornosti namenili prav vklju\u010devanju najmlaj\u0161ih. Zagotovo pa boste navdu\u0161eni tudi nad domi\u0161ljenim \u0161portnim parkom na prostem, ki vklju\u010duje [&hellip;]","og_url":"https:\/\/apartmaji-silva.com\/de\/okolica\/","og_site_name":"Ap. Silva kjer se boste imeli lepo","article_modified_time":"2023-11-16T17:11:01+00:00","og_image":[{"width":1249,"height":832,"url":"https:\/\/apartmaji-silva.com\/wp-content\/uploads\/2020\/11\/IMGL8149.webp","type":"image\/webp"}],"twitter_card":"summary_large_image","twitter_misc":{"Gesch\u00e4tzte Lesezeit":"2\u00a0Minuten"},"schema":{"@context":"https:\/\/schema.org","@graph":[{"@type":"WebPage","@id":"https:\/\/apartmaji-silva.com\/okolica\/","url":"https:\/\/apartmaji-silva.com\/okolica\/","name":"Okolica - Ap. Silva kjer se boste imeli lepo","isPartOf":{"@id":"https:\/\/apartmaji-silva.com\/#website"},"datePublished":"2020-11-04T08:57:43+00:00","dateModified":"2023-11-16T17:11:01+00:00","breadcrumb":{"@id":"https:\/\/apartmaji-silva.com\/okolica\/#breadcrumb"},"inLanguage":"de","potentialAction":[{"@type":"ReadAction","target":["https:\/\/apartmaji-silva.com\/okolica\/"]}]},{"@type":"BreadcrumbList","@id":"https:\/\/apartmaji-silva.com\/okolica\/#breadcrumb","itemListElement":[{"@type":"ListItem","position":1,"name":"Home","item":"https:\/\/apartmaji-silva.com\/"},{"@type":"ListItem","position":2,"name":"Okolica"}]},{"@type":"WebSite","@id":"https:\/\/apartmaji-silva.com\/#website","url":"https:\/\/apartmaji-silva.com\/","name":"Apartmaji Silva","description":"","publisher":{"@id":"https:\/\/apartmaji-silva.com\/#organization"},"potentialAction":[{"@type":"SearchAction","target":{"@type":"EntryPoint","urlTemplate":"https:\/\/apartmaji-silva.com\/?s={search_term_string}"},"query-input":"required name=search_term_string"}],"inLanguage":"de"},{"@type":"Organization","@id":"https:\/\/apartmaji-silva.com\/#organization","name":"Apartmaji Silva","url":"https:\/\/apartmaji-silva.com\/","logo":{"@type":"ImageObject","inLanguage":"de","@id":"https:\/\/apartmaji-silva.com\/#\/schema\/logo\/image\/","url":"https:\/\/apartmaji-silva.com\/wp-content\/uploads\/2023\/11\/cropped-logo-logo-1.webp","contentUrl":"https:\/\/apartmaji-silva.com\/wp-content\/uploads\/2023\/11\/cropped-logo-logo-1.webp","width":139,"height":109,"caption":"Apartmaji Silva"},"image":{"@id":"https:\/\/apartmaji-silva.com\/#\/schema\/logo\/image\/"}}]}},"_links":{"self":[{"href":"https:\/\/apartmaji-silva.com\/de\/wp-json\/wp\/v2\/pages\/278"}],"collection":[{"href":"https:\/\/apartmaji-silva.com\/de\/wp-json\/wp\/v2\/pages"}],"about":[{"href":"https:\/\/apartmaji-silva.com\/de\/wp-json\/wp\/v2\/types\/page"}],"author":[{"embeddable":true,"href":"https:\/\/apartmaji-silva.com\/de\/wp-json\/wp\/v2\/users\/1"}],"replies":[{"embeddable":true,"href":"https:\/\/apartmaji-silva.com\/de\/wp-json\/wp\/v2\/comments?post=278"}],"version-history":[{"count":0,"href":"https:\/\/apartmaji-silva.com\/de\/wp-json\/wp\/v2\/pages\/278\/revisions"}],"wp:featuredmedia":[{"embeddable":true,"href":"https:\/\/apartmaji-silva.com\/de\/wp-json\/wp\/v2\/media\/676"}],"wp:attachment":[{"href":"https:\/\/apartmaji-silva.com\/de\/wp-json\/wp\/v2\/media?parent=278"}],"curies":[{"name":"wp","href":"https:\/\/api.w.org\/{rel}","templated":true}]}}