{"id":1002,"date":"2023-11-21T15:57:48","date_gmt":"2023-11-21T14:57:48","guid":{"rendered":"https:\/\/apartmaji-silva.com\/?page_id=1002"},"modified":"2023-11-21T16:23:30","modified_gmt":"2023-11-21T15:23:30","slug":"jedilnica","status":"publish","type":"page","link":"https:\/\/apartmaji-silva.com\/en\/namestitve\/jedilnica\/","title":{"rendered":"Jedilnica"},"content":{"rendered":"<div data-elementor-type=\"wp-page\" data-elementor-id=\"1002\" class=\"elementor elementor-1002\" data-elementor-post-type=\"page\">\n\t\t\t\t\t\t\t<div class=\"elementor-element elementor-element-2cb4ee8 e-flex e-con-boxed e-con e-parent\" data-id=\"2cb4ee8\" data-element_type=\"container\" data-settings=\"{&quot;content_width&quot;:&quot;boxed&quot;}\" data-core-v316-plus=\"true\">\n\t\t\t\t\t<div class=\"e-con-inner\">\n\t\t<div class=\"elementor-element elementor-element-6bd6e12 e-con-full e-flex e-con e-child\" data-id=\"6bd6e12\" data-element_type=\"container\" data-settings=\"{&quot;content_width&quot;:&quot;full&quot;}\">\n\t\t\t\t<div class=\"elementor-element elementor-element-b96aa0e elementor-widget elementor-widget-heading\" data-id=\"b96aa0e\" data-element_type=\"widget\" data-widget_type=\"heading.default\">\n\t\t\t\t<div class=\"elementor-widget-container\">\n\t\t\t<style>\/*! elementor - v3.17.0 - 08-11-2023 *\/\n.elementor-heading-title{padding:0;margin:0;line-height:1}.elementor-widget-heading .elementor-heading-title[class*=elementor-size-]>a{color:inherit;font-size:inherit;line-height:inherit}.elementor-widget-heading .elementor-heading-title.elementor-size-small{font-size:15px}.elementor-widget-heading .elementor-heading-title.elementor-size-medium{font-size:19px}.elementor-widget-heading .elementor-heading-title.elementor-size-large{font-size:29px}.elementor-widget-heading .elementor-heading-title.elementor-size-xl{font-size:39px}.elementor-widget-heading .elementor-heading-title.elementor-size-xxl{font-size:59px}<\/style><h2 class=\"elementor-heading-title elementor-size-default\">To je jedilnica, kjer se okrep\u010date z okusnim, samopostre\u017enim zajtrkom<\/h2>\t\t<\/div>\n\t\t\t\t<\/div>\n\t\t\t\t<\/div>\n\t\t<div class=\"elementor-element elementor-element-573cb96 e-con-full e-flex e-con e-child\" data-id=\"573cb96\" data-element_type=\"container\" data-settings=\"{&quot;content_width&quot;:&quot;full&quot;}\">\n\t\t\t\t<div class=\"elementor-element elementor-element-5d87b39 elementor-widget elementor-widget-html\" data-id=\"5d87b39\" data-element_type=\"widget\" data-widget_type=\"html.default\">\n\t\t\t\t<div class=\"elementor-widget-container\">\n\t\t\t<a class=\"albatross-button\" href=\"https:\/\/apartmaji-silva.com\/en\/namestitve\/\">\n    <svg enable-background=\"new 0 0 30.99 6.99\" viewbox=\"0 0 30.99 6.99\" xml:space=\"preserve\" xmlns=\"http:\/\/www.w3.org\/2000\/svg\">\n            \t<rect y=\"3\" width=\"30\" height=\"1\"><\/rect><polyline points=\"26.78 0.68 28.18 2.08 29.58 3.48 26.8 6.26             \t27.53 6.99 30.99 3.53 27.46 0\"><\/polyline><\/svg>\n            \tRezerviraj svojo namestitev \u0161e danes!\n<\/a>\t\t<\/div>\n\t\t\t\t<\/div>\n\t\t\t\t<\/div>\n\t\t\t\t\t<\/div>\n\t\t\t\t<\/div>\n\t\t<div class=\"elementor-element elementor-element-0d9c36b e-flex e-con-boxed e-con e-parent\" data-id=\"0d9c36b\" data-element_type=\"container\" data-settings=\"{&quot;content_width&quot;:&quot;boxed&quot;}\" data-core-v316-plus=\"true\">\n\t\t\t\t\t<div class=\"e-con-inner\">\n\t\t\t\t<div class=\"elementor-element elementor-element-a5ae221 stratum-masonry-gallery-effect-no stratum-masonry-gallery-effect-no elementor-widget elementor-widget-stratum-masonry-gallery\" data-id=\"a5ae221\" data-element_type=\"widget\" data-widget_type=\"stratum-masonry-gallery.default\">\n\t\t\t\t<div class=\"elementor-widget-container\">\n\t\t\t<div class=\"stratum-masonry-gallery animate_on_scroll masonry-grid effect-2\" data-options=\"{&quot;columns&quot;:2,&quot;gutter&quot;:5,&quot;animate&quot;:true}\">\r\n\r\n\t<div class=\"grid-sizer masonry-col-2\"><\/div>\r\n\t\t\t<div class=\"stratum-masonry-gallery__item masonry-item\">\r\n\t\t\t\t\t\t\t<a data-elementor-open-lightbox=\"default\" data-elementor-lightbox-slideshow=\"gallery-69ea43ce83dee\" href=\"https:\/\/apartmaji-silva.com\/wp-content\/uploads\/2023\/11\/IMGL8294-scaled.webp\" class=\"stratum-masonry-gallery__link\">\r\n\t\t\t                <div class=\"stratum-masonry-gallery__image\">\r\n                \t<figure>\r\n                   \t\t<img fetchpriority=\"high\" decoding=\"async\" width=\"2560\" height=\"1707\" class=\"wp-image-1011\" alt=\"\" src=\"https:\/\/apartmaji-silva.com\/wp-content\/uploads\/2023\/11\/IMGL8294-scaled.webp\" srcset=\"https:\/\/apartmaji-silva.com\/wp-content\/uploads\/2023\/11\/IMGL8294-scaled.webp 2560w, https:\/\/apartmaji-silva.com\/wp-content\/uploads\/2023\/11\/IMGL8294-300x200.webp 300w, https:\/\/apartmaji-silva.com\/wp-content\/uploads\/2023\/11\/IMGL8294-1024x683.webp 1024w, https:\/\/apartmaji-silva.com\/wp-content\/uploads\/2023\/11\/IMGL8294-768x512.webp 768w, https:\/\/apartmaji-silva.com\/wp-content\/uploads\/2023\/11\/IMGL8294-1536x1024.webp 1536w, https:\/\/apartmaji-silva.com\/wp-content\/uploads\/2023\/11\/IMGL8294-2048x1366.webp 2048w, https:\/\/apartmaji-silva.com\/wp-content\/uploads\/2023\/11\/IMGL8294-18x12.webp 18w, https:\/\/apartmaji-silva.com\/wp-content\/uploads\/2023\/11\/IMGL8294-1620x1080.webp 1620w, https:\/\/apartmaji-silva.com\/wp-content\/uploads\/2023\/11\/IMGL8294-450x300.webp 450w\">                \t<\/figure>\r\n                <\/div>\r\n                <div class=\"stratum-masonry-gallery__overlay\"><\/div>\r\n            <\/a>\r\n        <\/div>\r\n\t\t\t<div class=\"stratum-masonry-gallery__item masonry-item\">\r\n\t\t\t\t\t\t\t<a data-elementor-open-lightbox=\"default\" data-elementor-lightbox-slideshow=\"gallery-69ea43ce83dee\" href=\"https:\/\/apartmaji-silva.com\/wp-content\/uploads\/2023\/11\/IMGL8255.webp\" class=\"stratum-masonry-gallery__link\">\r\n\t\t\t                <div class=\"stratum-masonry-gallery__image\">\r\n                \t<figure>\r\n                   \t\t<img decoding=\"async\" width=\"2226\" height=\"1484\" class=\"wp-image-1006\" alt=\"\" src=\"https:\/\/apartmaji-silva.com\/wp-content\/uploads\/2023\/11\/IMGL8255.webp\" srcset=\"https:\/\/apartmaji-silva.com\/wp-content\/uploads\/2023\/11\/IMGL8255.webp 2226w, https:\/\/apartmaji-silva.com\/wp-content\/uploads\/2023\/11\/IMGL8255-300x200.webp 300w, https:\/\/apartmaji-silva.com\/wp-content\/uploads\/2023\/11\/IMGL8255-1024x683.webp 1024w, https:\/\/apartmaji-silva.com\/wp-content\/uploads\/2023\/11\/IMGL8255-768x512.webp 768w, https:\/\/apartmaji-silva.com\/wp-content\/uploads\/2023\/11\/IMGL8255-1536x1024.webp 1536w, https:\/\/apartmaji-silva.com\/wp-content\/uploads\/2023\/11\/IMGL8255-2048x1365.webp 2048w, https:\/\/apartmaji-silva.com\/wp-content\/uploads\/2023\/11\/IMGL8255-18x12.webp 18w, https:\/\/apartmaji-silva.com\/wp-content\/uploads\/2023\/11\/IMGL8255-1620x1080.webp 1620w, https:\/\/apartmaji-silva.com\/wp-content\/uploads\/2023\/11\/IMGL8255-450x300.webp 450w\">                \t<\/figure>\r\n                <\/div>\r\n                <div class=\"stratum-masonry-gallery__overlay\"><\/div>\r\n            <\/a>\r\n        <\/div>\r\n\t\t\t<div class=\"stratum-masonry-gallery__item masonry-item\">\r\n\t\t\t\t\t\t\t<a data-elementor-open-lightbox=\"default\" data-elementor-lightbox-slideshow=\"gallery-69ea43ce83dee\" href=\"https:\/\/apartmaji-silva.com\/wp-content\/uploads\/2023\/11\/IMGL8254.webp\" class=\"stratum-masonry-gallery__link\">\r\n\t\t\t                <div class=\"stratum-masonry-gallery__image\">\r\n                \t<figure>\r\n                   \t\t<img decoding=\"async\" width=\"2058\" height=\"1371\" class=\"wp-image-1005\" alt=\"\" src=\"https:\/\/apartmaji-silva.com\/wp-content\/uploads\/2023\/11\/IMGL8254.webp\" srcset=\"https:\/\/apartmaji-silva.com\/wp-content\/uploads\/2023\/11\/IMGL8254.webp 2058w, https:\/\/apartmaji-silva.com\/wp-content\/uploads\/2023\/11\/IMGL8254-300x200.webp 300w, https:\/\/apartmaji-silva.com\/wp-content\/uploads\/2023\/11\/IMGL8254-1024x682.webp 1024w, https:\/\/apartmaji-silva.com\/wp-content\/uploads\/2023\/11\/IMGL8254-768x512.webp 768w, https:\/\/apartmaji-silva.com\/wp-content\/uploads\/2023\/11\/IMGL8254-1536x1023.webp 1536w, https:\/\/apartmaji-silva.com\/wp-content\/uploads\/2023\/11\/IMGL8254-2048x1364.webp 2048w, https:\/\/apartmaji-silva.com\/wp-content\/uploads\/2023\/11\/IMGL8254-18x12.webp 18w, https:\/\/apartmaji-silva.com\/wp-content\/uploads\/2023\/11\/IMGL8254-1620x1079.webp 1620w, https:\/\/apartmaji-silva.com\/wp-content\/uploads\/2023\/11\/IMGL8254-450x300.webp 450w\">                \t<\/figure>\r\n                <\/div>\r\n                <div class=\"stratum-masonry-gallery__overlay\"><\/div>\r\n            <\/a>\r\n        <\/div>\r\n\t\t\t<div class=\"stratum-masonry-gallery__item masonry-item\">\r\n\t\t\t\t\t\t\t<a data-elementor-open-lightbox=\"default\" data-elementor-lightbox-slideshow=\"gallery-69ea43ce83dee\" href=\"https:\/\/apartmaji-silva.com\/wp-content\/uploads\/2023\/11\/IMGL8269.webp\" class=\"stratum-masonry-gallery__link\">\r\n\t\t\t                <div class=\"stratum-masonry-gallery__image\">\r\n                \t<figure>\r\n                   \t\t<img loading=\"lazy\" decoding=\"async\" width=\"1978\" height=\"1318\" class=\"wp-image-1009\" alt=\"\" src=\"https:\/\/apartmaji-silva.com\/wp-content\/uploads\/2023\/11\/IMGL8269.webp\" srcset=\"https:\/\/apartmaji-silva.com\/wp-content\/uploads\/2023\/11\/IMGL8269.webp 1978w, https:\/\/apartmaji-silva.com\/wp-content\/uploads\/2023\/11\/IMGL8269-300x200.webp 300w, https:\/\/apartmaji-silva.com\/wp-content\/uploads\/2023\/11\/IMGL8269-1024x682.webp 1024w, https:\/\/apartmaji-silva.com\/wp-content\/uploads\/2023\/11\/IMGL8269-768x512.webp 768w, https:\/\/apartmaji-silva.com\/wp-content\/uploads\/2023\/11\/IMGL8269-1536x1023.webp 1536w, https:\/\/apartmaji-silva.com\/wp-content\/uploads\/2023\/11\/IMGL8269-18x12.webp 18w, https:\/\/apartmaji-silva.com\/wp-content\/uploads\/2023\/11\/IMGL8269-1620x1079.webp 1620w, https:\/\/apartmaji-silva.com\/wp-content\/uploads\/2023\/11\/IMGL8269-450x300.webp 450w\">                \t<\/figure>\r\n                <\/div>\r\n                <div class=\"stratum-masonry-gallery__overlay\"><\/div>\r\n            <\/a>\r\n        <\/div>\r\n\t\t\t<div class=\"stratum-masonry-gallery__item masonry-item\">\r\n\t\t\t\t\t\t\t<a data-elementor-open-lightbox=\"default\" data-elementor-lightbox-slideshow=\"gallery-69ea43ce83dee\" href=\"https:\/\/apartmaji-silva.com\/wp-content\/uploads\/2023\/11\/IMGL8286-scaled.webp\" class=\"stratum-masonry-gallery__link\">\r\n\t\t\t                <div class=\"stratum-masonry-gallery__image\">\r\n                \t<figure>\r\n                   \t\t<img loading=\"lazy\" decoding=\"async\" width=\"2560\" height=\"1707\" class=\"wp-image-1010\" alt=\"\" src=\"https:\/\/apartmaji-silva.com\/wp-content\/uploads\/2023\/11\/IMGL8286-scaled.webp\" srcset=\"https:\/\/apartmaji-silva.com\/wp-content\/uploads\/2023\/11\/IMGL8286-scaled.webp 2560w, https:\/\/apartmaji-silva.com\/wp-content\/uploads\/2023\/11\/IMGL8286-300x200.webp 300w, https:\/\/apartmaji-silva.com\/wp-content\/uploads\/2023\/11\/IMGL8286-1024x683.webp 1024w, https:\/\/apartmaji-silva.com\/wp-content\/uploads\/2023\/11\/IMGL8286-768x512.webp 768w, https:\/\/apartmaji-silva.com\/wp-content\/uploads\/2023\/11\/IMGL8286-1536x1024.webp 1536w, https:\/\/apartmaji-silva.com\/wp-content\/uploads\/2023\/11\/IMGL8286-2048x1366.webp 2048w, https:\/\/apartmaji-silva.com\/wp-content\/uploads\/2023\/11\/IMGL8286-18x12.webp 18w, https:\/\/apartmaji-silva.com\/wp-content\/uploads\/2023\/11\/IMGL8286-1620x1080.webp 1620w, https:\/\/apartmaji-silva.com\/wp-content\/uploads\/2023\/11\/IMGL8286-450x300.webp 450w\">                \t<\/figure>\r\n                <\/div>\r\n                <div class=\"stratum-masonry-gallery__overlay\"><\/div>\r\n            <\/a>\r\n        <\/div>\r\n\t\t\t<div class=\"stratum-masonry-gallery__item masonry-item\">\r\n\t\t\t\t\t\t\t<a data-elementor-open-lightbox=\"default\" data-elementor-lightbox-slideshow=\"gallery-69ea43ce83dee\" href=\"https:\/\/apartmaji-silva.com\/wp-content\/uploads\/2023\/11\/IMGL8265.webp\" class=\"stratum-masonry-gallery__link\">\r\n\t\t\t                <div class=\"stratum-masonry-gallery__image\">\r\n                \t<figure>\r\n                   \t\t<img loading=\"lazy\" decoding=\"async\" width=\"1962\" height=\"1308\" class=\"wp-image-1008\" alt=\"\" src=\"https:\/\/apartmaji-silva.com\/wp-content\/uploads\/2023\/11\/IMGL8265.webp\" srcset=\"https:\/\/apartmaji-silva.com\/wp-content\/uploads\/2023\/11\/IMGL8265.webp 1962w, https:\/\/apartmaji-silva.com\/wp-content\/uploads\/2023\/11\/IMGL8265-300x200.webp 300w, https:\/\/apartmaji-silva.com\/wp-content\/uploads\/2023\/11\/IMGL8265-1024x683.webp 1024w, https:\/\/apartmaji-silva.com\/wp-content\/uploads\/2023\/11\/IMGL8265-768x512.webp 768w, https:\/\/apartmaji-silva.com\/wp-content\/uploads\/2023\/11\/IMGL8265-1536x1024.webp 1536w, https:\/\/apartmaji-silva.com\/wp-content\/uploads\/2023\/11\/IMGL8265-18x12.webp 18w, https:\/\/apartmaji-silva.com\/wp-content\/uploads\/2023\/11\/IMGL8265-1620x1080.webp 1620w, https:\/\/apartmaji-silva.com\/wp-content\/uploads\/2023\/11\/IMGL8265-450x300.webp 450w\">                \t<\/figure>\r\n                <\/div>\r\n                <div class=\"stratum-masonry-gallery__overlay\"><\/div>\r\n            <\/a>\r\n        <\/div>\r\n\t<\/div>\r\n\t\t<\/div>\n\t\t\t\t<\/div>\n\t\t\t\t\t<\/div>\n\t\t\t\t<\/div>\n\t\t<div class=\"elementor-element elementor-element-660d59f e-flex e-con-boxed e-con e-parent\" data-id=\"660d59f\" data-element_type=\"container\" data-settings=\"{&quot;content_width&quot;:&quot;boxed&quot;}\" data-core-v316-plus=\"true\">\n\t\t\t\t\t<div class=\"e-con-inner\">\n\t\t<div class=\"elementor-element elementor-element-5c1216c e-con-full e-flex e-con e-child\" data-id=\"5c1216c\" data-element_type=\"container\" data-settings=\"{&quot;content_width&quot;:&quot;full&quot;}\">\n\t\t\t\t<div class=\"elementor-element elementor-element-1b0b039 elementor-widget elementor-widget-html\" data-id=\"1b0b039\" data-element_type=\"widget\" data-widget_type=\"html.default\">\n\t\t\t\t<div class=\"elementor-widget-container\">\n\t\t\t<a class=\"albatross-button\" href=\"https:\/\/apartmaji-silva.com\/en\/namestitve\/\">\n    <svg enable-background=\"new 0 0 30.99 6.99\" viewbox=\"0 0 30.99 6.99\" xml:space=\"preserve\" xmlns=\"http:\/\/www.w3.org\/2000\/svg\">\n            \t<rect y=\"3\" width=\"30\" height=\"1\"><\/rect><polyline points=\"26.78 0.68 28.18 2.08 29.58 3.48 26.8 6.26             \t27.53 6.99 30.99 3.53 27.46 0\"><\/polyline><\/svg>\n            \trezerviraj sedaj!\n<\/a>\t\t<\/div>\n\t\t\t\t<\/div>\n\t\t\t\t<\/div>\n\t\t\t\t\t<\/div>\n\t\t\t\t<\/div>\n\t\t\t\t\t\t\t<\/div>","protected":false},"excerpt":{"rendered":"<p>To je jedilnica, kjer se okrep\u010date z okusnim, samopostre\u017enim zajtrkom Rezerviraj svojo namestitev \u0161e danes! rezerviraj sedaj!<\/p>","protected":false},"author":1,"featured_media":0,"parent":376,"menu_order":0,"comment_status":"closed","ping_status":"closed","template":"elementor_header_footer","meta":{"inline_featured_image":false,"footnotes":""},"yoast_head":"<!-- This site is optimized with the Yoast SEO Premium plugin v21.6 (Yoast SEO v21.6) - https:\/\/yoast.com\/wordpress\/plugins\/seo\/ -->\n<title>Jedilnica - Ap. Silva kjer se boste imeli lepo<\/title>\n<meta name=\"robots\" content=\"index, follow, max-snippet:-1, max-image-preview:large, max-video-preview:-1\" \/>\n<link rel=\"canonical\" href=\"https:\/\/apartmaji-silva.com\/en\/namestitve\/jedilnica\/\" \/>\n<meta property=\"og:locale\" content=\"en_US\" \/>\n<meta property=\"og:type\" content=\"article\" \/>\n<meta property=\"og:title\" content=\"Jedilnica\" \/>\n<meta property=\"og:description\" content=\"To je jedilnica, kjer se okrep\u010date z okusnim, samopostre\u017enim zajtrkom Rezerviraj svojo namestitev \u0161e danes! rezerviraj sedaj!\" \/>\n<meta property=\"og:url\" content=\"https:\/\/apartmaji-silva.com\/en\/namestitve\/jedilnica\/\" \/>\n<meta property=\"og:site_name\" content=\"Ap. Silva kjer se boste imeli lepo\" \/>\n<meta property=\"article:modified_time\" content=\"2023-11-21T15:23:30+00:00\" \/>\n<meta name=\"twitter:card\" content=\"summary_large_image\" \/>\n<script type=\"application\/ld+json\" class=\"yoast-schema-graph\">{\"@context\":\"https:\/\/schema.org\",\"@graph\":[{\"@type\":\"WebPage\",\"@id\":\"https:\/\/apartmaji-silva.com\/namestitve\/jedilnica\/\",\"url\":\"https:\/\/apartmaji-silva.com\/namestitve\/jedilnica\/\",\"name\":\"Jedilnica - Ap. Silva kjer se boste imeli lepo\",\"isPartOf\":{\"@id\":\"https:\/\/apartmaji-silva.com\/#website\"},\"datePublished\":\"2023-11-21T14:57:48+00:00\",\"dateModified\":\"2023-11-21T15:23:30+00:00\",\"breadcrumb\":{\"@id\":\"https:\/\/apartmaji-silva.com\/namestitve\/jedilnica\/#breadcrumb\"},\"inLanguage\":\"en-US\",\"potentialAction\":[{\"@type\":\"ReadAction\",\"target\":[\"https:\/\/apartmaji-silva.com\/namestitve\/jedilnica\/\"]}]},{\"@type\":\"BreadcrumbList\",\"@id\":\"https:\/\/apartmaji-silva.com\/namestitve\/jedilnica\/#breadcrumb\",\"itemListElement\":[{\"@type\":\"ListItem\",\"position\":1,\"name\":\"Home\",\"item\":\"https:\/\/apartmaji-silva.com\/\"},{\"@type\":\"ListItem\",\"position\":2,\"name\":\"Namestitve\",\"item\":\"https:\/\/apartmaji-silva.com\/namestitve\/\"},{\"@type\":\"ListItem\",\"position\":3,\"name\":\"Jedilnica\"}]},{\"@type\":\"WebSite\",\"@id\":\"https:\/\/apartmaji-silva.com\/#website\",\"url\":\"https:\/\/apartmaji-silva.com\/\",\"name\":\"Apartmaji Silva\",\"description\":\"\",\"publisher\":{\"@id\":\"https:\/\/apartmaji-silva.com\/#organization\"},\"potentialAction\":[{\"@type\":\"SearchAction\",\"target\":{\"@type\":\"EntryPoint\",\"urlTemplate\":\"https:\/\/apartmaji-silva.com\/?s={search_term_string}\"},\"query-input\":\"required name=search_term_string\"}],\"inLanguage\":\"en-US\"},{\"@type\":\"Organization\",\"@id\":\"https:\/\/apartmaji-silva.com\/#organization\",\"name\":\"Apartmaji Silva\",\"url\":\"https:\/\/apartmaji-silva.com\/\",\"logo\":{\"@type\":\"ImageObject\",\"inLanguage\":\"en-US\",\"@id\":\"https:\/\/apartmaji-silva.com\/#\/schema\/logo\/image\/\",\"url\":\"https:\/\/apartmaji-silva.com\/wp-content\/uploads\/2023\/11\/cropped-logo-logo-1.webp\",\"contentUrl\":\"https:\/\/apartmaji-silva.com\/wp-content\/uploads\/2023\/11\/cropped-logo-logo-1.webp\",\"width\":139,\"height\":109,\"caption\":\"Apartmaji Silva\"},\"image\":{\"@id\":\"https:\/\/apartmaji-silva.com\/#\/schema\/logo\/image\/\"}}]}<\/script>\n<!-- \/ Yoast SEO Premium plugin. -->","yoast_head_json":{"title":"Jedilnica - Ap. Silva kjer se boste imeli lepo","robots":{"index":"index","follow":"follow","max-snippet":"max-snippet:-1","max-image-preview":"max-image-preview:large","max-video-preview":"max-video-preview:-1"},"canonical":"https:\/\/apartmaji-silva.com\/en\/namestitve\/jedilnica\/","og_locale":"en_US","og_type":"article","og_title":"Jedilnica","og_description":"To je jedilnica, kjer se okrep\u010date z okusnim, samopostre\u017enim zajtrkom Rezerviraj svojo namestitev \u0161e danes! rezerviraj sedaj!","og_url":"https:\/\/apartmaji-silva.com\/en\/namestitve\/jedilnica\/","og_site_name":"Ap. Silva kjer se boste imeli lepo","article_modified_time":"2023-11-21T15:23:30+00:00","twitter_card":"summary_large_image","schema":{"@context":"https:\/\/schema.org","@graph":[{"@type":"WebPage","@id":"https:\/\/apartmaji-silva.com\/namestitve\/jedilnica\/","url":"https:\/\/apartmaji-silva.com\/namestitve\/jedilnica\/","name":"Jedilnica - Ap. Silva kjer se boste imeli lepo","isPartOf":{"@id":"https:\/\/apartmaji-silva.com\/#website"},"datePublished":"2023-11-21T14:57:48+00:00","dateModified":"2023-11-21T15:23:30+00:00","breadcrumb":{"@id":"https:\/\/apartmaji-silva.com\/namestitve\/jedilnica\/#breadcrumb"},"inLanguage":"en-US","potentialAction":[{"@type":"ReadAction","target":["https:\/\/apartmaji-silva.com\/namestitve\/jedilnica\/"]}]},{"@type":"BreadcrumbList","@id":"https:\/\/apartmaji-silva.com\/namestitve\/jedilnica\/#breadcrumb","itemListElement":[{"@type":"ListItem","position":1,"name":"Home","item":"https:\/\/apartmaji-silva.com\/"},{"@type":"ListItem","position":2,"name":"Namestitve","item":"https:\/\/apartmaji-silva.com\/namestitve\/"},{"@type":"ListItem","position":3,"name":"Jedilnica"}]},{"@type":"WebSite","@id":"https:\/\/apartmaji-silva.com\/#website","url":"https:\/\/apartmaji-silva.com\/","name":"Apartmaji Silva","description":"","publisher":{"@id":"https:\/\/apartmaji-silva.com\/#organization"},"potentialAction":[{"@type":"SearchAction","target":{"@type":"EntryPoint","urlTemplate":"https:\/\/apartmaji-silva.com\/?s={search_term_string}"},"query-input":"required name=search_term_string"}],"inLanguage":"en-US"},{"@type":"Organization","@id":"https:\/\/apartmaji-silva.com\/#organization","name":"Apartmaji Silva","url":"https:\/\/apartmaji-silva.com\/","logo":{"@type":"ImageObject","inLanguage":"en-US","@id":"https:\/\/apartmaji-silva.com\/#\/schema\/logo\/image\/","url":"https:\/\/apartmaji-silva.com\/wp-content\/uploads\/2023\/11\/cropped-logo-logo-1.webp","contentUrl":"https:\/\/apartmaji-silva.com\/wp-content\/uploads\/2023\/11\/cropped-logo-logo-1.webp","width":139,"height":109,"caption":"Apartmaji Silva"},"image":{"@id":"https:\/\/apartmaji-silva.com\/#\/schema\/logo\/image\/"}}]}},"_links":{"self":[{"href":"https:\/\/apartmaji-silva.com\/en\/wp-json\/wp\/v2\/pages\/1002"}],"collection":[{"href":"https:\/\/apartmaji-silva.com\/en\/wp-json\/wp\/v2\/pages"}],"about":[{"href":"https:\/\/apartmaji-silva.com\/en\/wp-json\/wp\/v2\/types\/page"}],"author":[{"embeddable":true,"href":"https:\/\/apartmaji-silva.com\/en\/wp-json\/wp\/v2\/users\/1"}],"replies":[{"embeddable":true,"href":"https:\/\/apartmaji-silva.com\/en\/wp-json\/wp\/v2\/comments?post=1002"}],"version-history":[{"count":0,"href":"https:\/\/apartmaji-silva.com\/en\/wp-json\/wp\/v2\/pages\/1002\/revisions"}],"up":[{"embeddable":true,"href":"https:\/\/apartmaji-silva.com\/en\/wp-json\/wp\/v2\/pages\/376"}],"wp:attachment":[{"href":"https:\/\/apartmaji-silva.com\/en\/wp-json\/wp\/v2\/media?parent=1002"}],"curies":[{"name":"wp","href":"https:\/\/api.w.org\/{rel}","templated":true}]}}