{"id":210,"date":"2020-11-04T00:17:25","date_gmt":"2020-11-04T00:17:25","guid":{"rendered":"https:\/\/themes.getmotopress.com\/albatross\/?page_id=210"},"modified":"2023-11-22T15:37:51","modified_gmt":"2023-11-22T14:37:51","slug":"about","status":"publish","type":"page","link":"https:\/\/apartmaji-silva.com\/en\/about\/","title":{"rendered":"ABOUT US"},"content":{"rendered":"<div data-elementor-type=\"wp-page\" data-elementor-id=\"210\" class=\"elementor elementor-210\" data-elementor-post-type=\"page\">\n\t\t\t\t\t\t\t\t\t<section class=\"elementor-section elementor-top-section elementor-element elementor-element-b738728 elementor-section-full_width elementor-section-stretched elementor-section-height-default elementor-section-height-default\" data-id=\"b738728\" data-element_type=\"section\" data-settings=\"{&quot;stretch_section&quot;:&quot;section-stretched&quot;}\">\n\t\t\t\t\t\t<div class=\"elementor-container elementor-column-gap-default\">\n\t\t\t\t\t<div class=\"elementor-column elementor-col-50 elementor-top-column elementor-element elementor-element-3a1dacf\" data-id=\"3a1dacf\" data-element_type=\"column\">\n\t\t\t<div class=\"elementor-widget-wrap elementor-element-populated\">\n\t\t\t\t\t\t\t\t<div class=\"elementor-element elementor-element-289d431 elementor-widget elementor-widget-image\" data-id=\"289d431\" data-element_type=\"widget\" data-widget_type=\"image.default\">\n\t\t\t\t<div class=\"elementor-widget-container\">\n\t\t\t<style>\/*! elementor - v3.17.0 - 08-11-2023 *\/\n.elementor-widget-image{text-align:center}.elementor-widget-image a{display:inline-block}.elementor-widget-image a img[src$=\".svg\"]{width:48px}.elementor-widget-image img{vertical-align:middle;display:inline-block}<\/style>\t\t\t\t\t\t\t\t\t\t\t\t<img decoding=\"async\" src=\"https:\/\/apartmaji-silva.com\/wp-content\/uploads\/elementor\/thumbs\/IMGL7966-scaled-qf2h6z3ce697i7a4vgatl3g8uoe23uo52cl8d0oaxk.webp\" title=\"IMGL7966\" alt=\"IMGL7966\" loading=\"lazy\" \/>\t\t\t\t\t\t\t\t\t\t\t\t\t\t\t<\/div>\n\t\t\t\t<\/div>\n\t\t\t\t\t<\/div>\n\t\t<\/div>\n\t\t\t\t<div class=\"elementor-column elementor-col-50 elementor-top-column elementor-element elementor-element-5f6f1d3\" data-id=\"5f6f1d3\" data-element_type=\"column\">\n\t\t\t<div class=\"elementor-widget-wrap elementor-element-populated\">\n\t\t\t\t\t\t\t\t<div class=\"elementor-element elementor-element-fbf341b elementor-drop-cap-yes elementor-drop-cap-view-default elementor-widget elementor-widget-text-editor\" data-id=\"fbf341b\" data-element_type=\"widget\" data-settings=\"{&quot;drop_cap&quot;:&quot;yes&quot;}\" data-widget_type=\"text-editor.default\">\n\t\t\t\t<div class=\"elementor-widget-container\">\n\t\t\t<style>\/*! elementor - v3.17.0 - 08-11-2023 *\/\n.elementor-widget-text-editor.elementor-drop-cap-view-stacked .elementor-drop-cap{background-color:#69727d;color:#fff}.elementor-widget-text-editor.elementor-drop-cap-view-framed .elementor-drop-cap{color:#69727d;border:3px solid;background-color:transparent}.elementor-widget-text-editor:not(.elementor-drop-cap-view-default) .elementor-drop-cap{margin-top:8px}.elementor-widget-text-editor:not(.elementor-drop-cap-view-default) .elementor-drop-cap-letter{width:1em;height:1em}.elementor-widget-text-editor .elementor-drop-cap{float:left;text-align:center;line-height:1;font-size:50px}.elementor-widget-text-editor .elementor-drop-cap-letter{display:inline-block}<\/style>\t\t\t\t<p>A quiet stay in an energy-renovated house with fully equipped apartments and more.\"<\/p>\t\t\t\t\t\t<\/div>\n\t\t\t\t<\/div>\n\t\t\t\t<div class=\"elementor-element elementor-element-9113c74 elementor-widget elementor-widget-text-editor\" data-id=\"9113c74\" data-element_type=\"widget\" data-widget_type=\"text-editor.default\">\n\t\t\t\t<div class=\"elementor-widget-container\">\n\t\t\t\t\t\t\t<p>We are in the heart of Prlekija, less than 9 km from Bioterme Mala Nedelja and Terme Banovc, slightly less than wine-growing tourist Jeruzalem. Only 3 km away Gaj\u0161evsko jezero is located from us, where fishermen find their peace, and surfers enjoy windy weather there. Hiking trails, cycling paths pass by, the shop is only a 5-minute walk from us.<\/p><p>At the beginning of 2021, the apartment house was energetically renovated, builders' joinery, fa\u00e7ade, roof....,<\/p><p>The interior of the house has been refreshed and thus we can offer guests a pleasant stay. In 2008, we converted the apartment building into an apartment building and handed it over to this purpose at the beginning of 2009. In the same yard, there is another building with a nice dining room, a room and an apartment, and in the lower part there are sanitary facilities for the tent. We have 6 units available: 3 apartments, one studio and two rooms, a total of 23 beds. Apartments and studios have an equipped kitchen, each unit has its own bathroom, television, wireless Internet connection. On the first floor there is an apartment and a studio with a balcony and one room, on the second floor there is a large apartment (across the entire floor) with a large balcony, with two bedrooms, a living room with three more beds, a dining room and a larger kitchen. The parking space is next to the house.<\/p><p>Behind the apartment house is a small tent area, where there are 5 two-bed bungalows (Pia, \u017dak, Lukas, Petra and Maja), and a three-bed bungalow - Gal, 2 large tents standing on a wooden platform and covered with straw. One has one bedroom with three beds, and the other has two bedrooms, in each bedroom a double bed.<\/p><p>There is a large covered common area in the tent, where there is a refrigerator with a freezer, an electric cooker, an electric barbecue and a wood-burning grill or charcoal, bread oven, running water, tables and benches and a special feature: a barrel where good Prle\u0161 wine is always chilled, which everyone serves himself.<\/p>\t\t\t\t\t\t<\/div>\n\t\t\t\t<\/div>\n\t\t\t\t\t<\/div>\n\t\t<\/div>\n\t\t\t\t\t\t\t<\/div>\n\t\t<\/section>\n\t\t\t\t<section class=\"elementor-section elementor-top-section elementor-element elementor-element-5d8426f elementor-section-stretched elementor-section-boxed elementor-section-height-default elementor-section-height-default\" data-id=\"5d8426f\" data-element_type=\"section\" data-settings=\"{&quot;stretch_section&quot;:&quot;section-stretched&quot;}\">\n\t\t\t\t\t\t<div class=\"elementor-container elementor-column-gap-default\">\n\t\t\t\t\t<div class=\"elementor-column elementor-col-100 elementor-top-column elementor-element elementor-element-6018175\" data-id=\"6018175\" data-element_type=\"column\">\n\t\t\t<div class=\"elementor-widget-wrap elementor-element-populated\">\n\t\t\t\t\t\t\t\t<div class=\"elementor-element elementor-element-be82031 stratum-masonry-gallery-effect-zoom stratum-masonry-gallery-effect-no elementor-widget elementor-widget-stratum-masonry-gallery\" data-id=\"be82031\" data-element_type=\"widget\" data-widget_type=\"stratum-masonry-gallery.default\">\n\t\t\t\t<div class=\"elementor-widget-container\">\n\t\t\t<div class=\"stratum-masonry-gallery masonry-grid effect-2\" data-options=\"{&quot;columns&quot;:2,&quot;gutter&quot;:2,&quot;animate&quot;:false}\">\r\n\r\n\t<div class=\"grid-sizer masonry-col-2\"><\/div>\r\n\t\t\t<div class=\"stratum-masonry-gallery__item masonry-item\">\r\n\t\t\t\t\t\t\t<a data-elementor-open-lightbox=\"default\" data-elementor-lightbox-slideshow=\"gallery-69db3a86e89f6\" href=\"https:\/\/apartmaji-silva.com\/wp-content\/uploads\/2023\/11\/IMGL8200.webp\" class=\"stratum-masonry-gallery__link\">\r\n\t\t\t                <div class=\"stratum-masonry-gallery__image\">\r\n                \t<figure>\r\n                   \t\t<img fetchpriority=\"high\" decoding=\"async\" width=\"1125\" height=\"750\" class=\"wp-image-838\" alt=\"\" src=\"https:\/\/apartmaji-silva.com\/wp-content\/uploads\/2023\/11\/IMGL8200.webp\" srcset=\"https:\/\/apartmaji-silva.com\/wp-content\/uploads\/2023\/11\/IMGL8200.webp 1125w, https:\/\/apartmaji-silva.com\/wp-content\/uploads\/2023\/11\/IMGL8200-300x200.webp 300w, https:\/\/apartmaji-silva.com\/wp-content\/uploads\/2023\/11\/IMGL8200-1024x683.webp 1024w, https:\/\/apartmaji-silva.com\/wp-content\/uploads\/2023\/11\/IMGL8200-768x512.webp 768w, https:\/\/apartmaji-silva.com\/wp-content\/uploads\/2023\/11\/IMGL8200-18x12.webp 18w, https:\/\/apartmaji-silva.com\/wp-content\/uploads\/2023\/11\/IMGL8200-450x300.webp 450w\">                \t<\/figure>\r\n                <\/div>\r\n                <div class=\"stratum-masonry-gallery__overlay\"><\/div>\r\n            <\/a>\r\n        <\/div>\r\n\t\t\t<div class=\"stratum-masonry-gallery__item masonry-item\">\r\n\t\t\t\t\t\t\t<a data-elementor-open-lightbox=\"default\" data-elementor-lightbox-slideshow=\"gallery-69db3a86e89f6\" href=\"https:\/\/apartmaji-silva.com\/wp-content\/uploads\/2023\/11\/IMGL7966-scaled.webp\" class=\"stratum-masonry-gallery__link\">\r\n\t\t\t                <div class=\"stratum-masonry-gallery__image\">\r\n                \t<figure>\r\n                   \t\t<img decoding=\"async\" width=\"2560\" height=\"1706\" class=\"wp-image-400\" alt=\"\" src=\"https:\/\/apartmaji-silva.com\/wp-content\/uploads\/2023\/11\/IMGL7966-scaled.webp\" srcset=\"https:\/\/apartmaji-silva.com\/wp-content\/uploads\/2023\/11\/IMGL7966-scaled.webp 2560w, https:\/\/apartmaji-silva.com\/wp-content\/uploads\/2023\/11\/IMGL7966-300x200.webp 300w, https:\/\/apartmaji-silva.com\/wp-content\/uploads\/2023\/11\/IMGL7966-1024x683.webp 1024w, https:\/\/apartmaji-silva.com\/wp-content\/uploads\/2023\/11\/IMGL7966-768x512.webp 768w, https:\/\/apartmaji-silva.com\/wp-content\/uploads\/2023\/11\/IMGL7966-1536x1024.webp 1536w, https:\/\/apartmaji-silva.com\/wp-content\/uploads\/2023\/11\/IMGL7966-2048x1365.webp 2048w, https:\/\/apartmaji-silva.com\/wp-content\/uploads\/2023\/11\/IMGL7966-1620x1080.webp 1620w, https:\/\/apartmaji-silva.com\/wp-content\/uploads\/2023\/11\/IMGL7966-450x300.webp 450w\">                \t<\/figure>\r\n                <\/div>\r\n                <div class=\"stratum-masonry-gallery__overlay\"><\/div>\r\n            <\/a>\r\n        <\/div>\r\n\t<\/div>\r\n\t\t<\/div>\n\t\t\t\t<\/div>\n\t\t\t\t\t<\/div>\n\t\t<\/div>\n\t\t\t\t\t\t\t<\/div>\n\t\t<\/section>\n\t\t\t\t<section class=\"elementor-section elementor-top-section elementor-element elementor-element-9790da8 elementor-section-stretched elementor-section-boxed elementor-section-height-default elementor-section-height-default\" data-id=\"9790da8\" data-element_type=\"section\" data-settings=\"{&quot;stretch_section&quot;:&quot;section-stretched&quot;}\">\n\t\t\t\t\t\t<div class=\"elementor-container elementor-column-gap-default\">\n\t\t\t\t\t<div class=\"elementor-column elementor-col-100 elementor-top-column elementor-element elementor-element-1204652\" data-id=\"1204652\" data-element_type=\"column\">\n\t\t\t<div class=\"elementor-widget-wrap elementor-element-populated\">\n\t\t\t\t\t\t\t\t<div class=\"elementor-element elementor-element-3316006 elementor-widget elementor-widget-heading\" data-id=\"3316006\" data-element_type=\"widget\" data-widget_type=\"heading.default\">\n\t\t\t\t<div class=\"elementor-widget-container\">\n\t\t\t<style>\/*! elementor - v3.17.0 - 08-11-2023 *\/\n.elementor-heading-title{padding:0;margin:0;line-height:1}.elementor-widget-heading .elementor-heading-title[class*=elementor-size-]>a{color:inherit;font-size:inherit;line-height:inherit}.elementor-widget-heading .elementor-heading-title.elementor-size-small{font-size:15px}.elementor-widget-heading .elementor-heading-title.elementor-size-medium{font-size:19px}.elementor-widget-heading .elementor-heading-title.elementor-size-large{font-size:29px}.elementor-widget-heading .elementor-heading-title.elementor-size-xl{font-size:39px}.elementor-widget-heading .elementor-heading-title.elementor-size-xxl{font-size:59px}<\/style><h2 class=\"elementor-heading-title elementor-size-default\">Owners<\/h2>\t\t<\/div>\n\t\t\t\t<\/div>\n\t\t\t\t\t<\/div>\n\t\t<\/div>\n\t\t\t\t\t\t\t<\/div>\n\t\t<\/section>\n\t\t\t\t<section class=\"elementor-section elementor-top-section elementor-element elementor-element-f136fb3 elementor-section-stretched elementor-section-boxed elementor-section-height-default elementor-section-height-default\" data-id=\"f136fb3\" data-element_type=\"section\" data-settings=\"{&quot;stretch_section&quot;:&quot;section-stretched&quot;}\">\n\t\t\t\t\t\t<div class=\"elementor-container elementor-column-gap-wide\">\n\t\t\t\t\t<div class=\"elementor-column elementor-col-100 elementor-top-column elementor-element elementor-element-065a2ee\" data-id=\"065a2ee\" data-element_type=\"column\">\n\t\t\t<div class=\"elementor-widget-wrap elementor-element-populated\">\n\t\t\t\t\t\t\t\t<div class=\"elementor-element elementor-element-2e2327d elementor-widget elementor-widget-image\" data-id=\"2e2327d\" data-element_type=\"widget\" data-widget_type=\"image.default\">\n\t\t\t\t<div class=\"elementor-widget-container\">\n\t\t\t\t\t\t\t\t\t\t\t\t\t\t\t<img decoding=\"async\" src=\"https:\/\/apartmaji-silva.com\/wp-content\/uploads\/elementor\/thumbs\/bg-frontpage-Silva-vlado-qf2hihm7byqj9kogjiaecsfu4mtnbmp5ug5a14pj1o.jpg\" title=\"bg-frontpage-Silva-vlado\" alt=\"bg-frontpage-Silva-vlado\" loading=\"lazy\" \/>\t\t\t\t\t\t\t\t\t\t\t\t\t\t\t<\/div>\n\t\t\t\t<\/div>\n\t\t\t\t<section class=\"elementor-section elementor-inner-section elementor-element elementor-element-6b968e8 elementor-section-boxed elementor-section-height-default elementor-section-height-default\" data-id=\"6b968e8\" data-element_type=\"section\">\n\t\t\t\t\t\t<div class=\"elementor-container elementor-column-gap-default\">\n\t\t\t\t\t<div class=\"elementor-column elementor-col-100 elementor-inner-column elementor-element elementor-element-db4f73e\" data-id=\"db4f73e\" data-element_type=\"column\">\n\t\t\t<div class=\"elementor-widget-wrap elementor-element-populated\">\n\t\t\t\t\t\t\t\t<div class=\"elementor-element elementor-element-7a4841d elementor-widget elementor-widget-heading\" data-id=\"7a4841d\" data-element_type=\"widget\" data-widget_type=\"heading.default\">\n\t\t\t\t<div class=\"elementor-widget-container\">\n\t\t\t<h4 class=\"elementor-heading-title elementor-size-default\">Silva and Vlado<\/h4>\t\t<\/div>\n\t\t\t\t<\/div>\n\t\t\t\t<div class=\"elementor-element elementor-element-d44f5ae elementor-widget elementor-widget-text-editor\" data-id=\"d44f5ae\" data-element_type=\"widget\" data-widget_type=\"text-editor.default\">\n\t\t\t\t<div class=\"elementor-widget-container\">\n\t\t\t\t\t\t\t\t\t\t\t\t\t<\/div>\n\t\t\t\t<\/div>\n\t\t\t\t\t<\/div>\n\t\t<\/div>\n\t\t\t\t\t\t\t<\/div>\n\t\t<\/section>\n\t\t\t\t\t<\/div>\n\t\t<\/div>\n\t\t\t\t\t\t\t<\/div>\n\t\t<\/section>\n\t\t\t\t<section class=\"elementor-section elementor-top-section elementor-element elementor-element-eed5547 elementor-section-stretched elementor-section-boxed elementor-section-height-default elementor-section-height-default\" data-id=\"eed5547\" data-element_type=\"section\" data-settings=\"{&quot;stretch_section&quot;:&quot;section-stretched&quot;}\">\n\t\t\t\t\t\t<div class=\"elementor-container elementor-column-gap-default\">\n\t\t\t\t\t<div class=\"elementor-column elementor-col-100 elementor-top-column elementor-element elementor-element-c47f8c0\" data-id=\"c47f8c0\" data-element_type=\"column\">\n\t\t\t<div class=\"elementor-widget-wrap elementor-element-populated\">\n\t\t\t\t\t\t\t\t<div class=\"elementor-element elementor-element-b70abf3 outlined elementor-widget elementor-widget-heading\" data-id=\"b70abf3\" data-element_type=\"widget\" data-widget_type=\"heading.default\">\n\t\t\t\t<div class=\"elementor-widget-container\">\n\t\t\t<h2 class=\"elementor-heading-title elementor-size-default\">reliable.<\/h2>\t\t<\/div>\n\t\t\t\t<\/div>\n\t\t\t\t\t<\/div>\n\t\t<\/div>\n\t\t\t\t\t\t\t<\/div>\n\t\t<\/section>\n\t\t\t\t\t\t\t<\/div>","protected":false},"excerpt":{"rendered":"<p>Mirno bivanje v energijsko obnovljeni hi\u0161i s popolnoma opremljenimi apartmaji in \u0161e ve\u010d.&#8221; Smo v osr\u010dju Prlekije, od Bioterm Mala Nedelja in term Banovc oddaljeni slabih 9 km, nekaj manj od vinorodnega turisti\u010dnega Jeruzalema. Le 3 km je od nas oddaljeno Gaj\u0161evsko jezero, kjer najdejo svoj mir ribi\u010di, v vetrovnem vremenu pa tam u\u017eivajo surfarji. [&hellip;]<\/p>","protected":false},"author":1,"featured_media":434,"parent":0,"menu_order":0,"comment_status":"closed","ping_status":"closed","template":"","meta":{"inline_featured_image":false,"footnotes":""},"yoast_head":"<!-- This site is optimized with the Yoast SEO Premium plugin v21.6 (Yoast SEO v21.6) - https:\/\/yoast.com\/wordpress\/plugins\/seo\/ -->\n<title>O NAS - Ap. Silva kjer se boste imeli lepo<\/title>\n<meta name=\"robots\" content=\"index, follow, max-snippet:-1, max-image-preview:large, max-video-preview:-1\" \/>\n<link rel=\"canonical\" href=\"https:\/\/apartmaji-silva.com\/en\/about\/\" \/>\n<meta property=\"og:locale\" content=\"en_US\" \/>\n<meta property=\"og:type\" content=\"article\" \/>\n<meta property=\"og:title\" content=\"O NAS\" \/>\n<meta property=\"og:description\" content=\"Mirno bivanje v energijsko obnovljeni hi\u0161i s popolnoma opremljenimi apartmaji in \u0161e ve\u010d.&#8221; Smo v osr\u010dju Prlekije, od Bioterm Mala Nedelja in term Banovc oddaljeni slabih 9 km, nekaj manj od vinorodnega turisti\u010dnega Jeruzalema. Le 3 km je od nas oddaljeno Gaj\u0161evsko jezero, kjer najdejo svoj mir ribi\u010di, v vetrovnem vremenu pa tam u\u017eivajo surfarji. [&hellip;]\" \/>\n<meta property=\"og:url\" content=\"https:\/\/apartmaji-silva.com\/en\/about\/\" \/>\n<meta property=\"og:site_name\" content=\"Ap. Silva kjer se boste imeli lepo\" \/>\n<meta property=\"article:modified_time\" content=\"2023-11-22T14:37:51+00:00\" \/>\n<meta property=\"og:image\" content=\"https:\/\/apartmaji-silva.com\/wp-content\/uploads\/2023\/11\/IMGL8003.webp\" \/>\n\t<meta property=\"og:image:width\" content=\"2223\" \/>\n\t<meta property=\"og:image:height\" content=\"1482\" \/>\n\t<meta property=\"og:image:type\" content=\"image\/webp\" \/>\n<meta name=\"twitter:card\" content=\"summary_large_image\" \/>\n<meta name=\"twitter:label1\" content=\"Est. reading time\" \/>\n\t<meta name=\"twitter:data1\" content=\"2 minutes\" \/>\n<script type=\"application\/ld+json\" class=\"yoast-schema-graph\">{\"@context\":\"https:\/\/schema.org\",\"@graph\":[{\"@type\":\"WebPage\",\"@id\":\"https:\/\/apartmaji-silva.com\/de\/about\/\",\"url\":\"https:\/\/apartmaji-silva.com\/de\/about\/\",\"name\":\"O NAS - Ap. Silva kjer se boste imeli lepo\",\"isPartOf\":{\"@id\":\"https:\/\/apartmaji-silva.com\/#website\"},\"datePublished\":\"2020-11-04T00:17:25+00:00\",\"dateModified\":\"2023-11-22T14:37:51+00:00\",\"breadcrumb\":{\"@id\":\"https:\/\/apartmaji-silva.com\/de\/about\/#breadcrumb\"},\"inLanguage\":\"en-US\",\"potentialAction\":[{\"@type\":\"ReadAction\",\"target\":[\"https:\/\/apartmaji-silva.com\/de\/about\/\"]}]},{\"@type\":\"BreadcrumbList\",\"@id\":\"https:\/\/apartmaji-silva.com\/de\/about\/#breadcrumb\",\"itemListElement\":[{\"@type\":\"ListItem\",\"position\":1,\"name\":\"Home\",\"item\":\"https:\/\/apartmaji-silva.com\/\"},{\"@type\":\"ListItem\",\"position\":2,\"name\":\"O NAS\"}]},{\"@type\":\"WebSite\",\"@id\":\"https:\/\/apartmaji-silva.com\/#website\",\"url\":\"https:\/\/apartmaji-silva.com\/\",\"name\":\"Apartmaji Silva\",\"description\":\"\",\"publisher\":{\"@id\":\"https:\/\/apartmaji-silva.com\/#organization\"},\"potentialAction\":[{\"@type\":\"SearchAction\",\"target\":{\"@type\":\"EntryPoint\",\"urlTemplate\":\"https:\/\/apartmaji-silva.com\/?s={search_term_string}\"},\"query-input\":\"required name=search_term_string\"}],\"inLanguage\":\"en-US\"},{\"@type\":\"Organization\",\"@id\":\"https:\/\/apartmaji-silva.com\/#organization\",\"name\":\"Apartmaji Silva\",\"url\":\"https:\/\/apartmaji-silva.com\/\",\"logo\":{\"@type\":\"ImageObject\",\"inLanguage\":\"en-US\",\"@id\":\"https:\/\/apartmaji-silva.com\/#\/schema\/logo\/image\/\",\"url\":\"https:\/\/apartmaji-silva.com\/wp-content\/uploads\/2023\/11\/cropped-logo-logo-1.webp\",\"contentUrl\":\"https:\/\/apartmaji-silva.com\/wp-content\/uploads\/2023\/11\/cropped-logo-logo-1.webp\",\"width\":139,\"height\":109,\"caption\":\"Apartmaji Silva\"},\"image\":{\"@id\":\"https:\/\/apartmaji-silva.com\/#\/schema\/logo\/image\/\"}}]}<\/script>\n<!-- \/ Yoast SEO Premium plugin. -->","yoast_head_json":{"title":"O NAS - Ap. Silva kjer se boste imeli lepo","robots":{"index":"index","follow":"follow","max-snippet":"max-snippet:-1","max-image-preview":"max-image-preview:large","max-video-preview":"max-video-preview:-1"},"canonical":"https:\/\/apartmaji-silva.com\/en\/about\/","og_locale":"en_US","og_type":"article","og_title":"O NAS","og_description":"Mirno bivanje v energijsko obnovljeni hi\u0161i s popolnoma opremljenimi apartmaji in \u0161e ve\u010d.&#8221; Smo v osr\u010dju Prlekije, od Bioterm Mala Nedelja in term Banovc oddaljeni slabih 9 km, nekaj manj od vinorodnega turisti\u010dnega Jeruzalema. Le 3 km je od nas oddaljeno Gaj\u0161evsko jezero, kjer najdejo svoj mir ribi\u010di, v vetrovnem vremenu pa tam u\u017eivajo surfarji. [&hellip;]","og_url":"https:\/\/apartmaji-silva.com\/en\/about\/","og_site_name":"Ap. Silva kjer se boste imeli lepo","article_modified_time":"2023-11-22T14:37:51+00:00","og_image":[{"width":2223,"height":1482,"url":"https:\/\/apartmaji-silva.com\/wp-content\/uploads\/2023\/11\/IMGL8003.webp","type":"image\/webp"}],"twitter_card":"summary_large_image","twitter_misc":{"Est. reading time":"2 minutes"},"schema":{"@context":"https:\/\/schema.org","@graph":[{"@type":"WebPage","@id":"https:\/\/apartmaji-silva.com\/de\/about\/","url":"https:\/\/apartmaji-silva.com\/de\/about\/","name":"O NAS - Ap. Silva kjer se boste imeli lepo","isPartOf":{"@id":"https:\/\/apartmaji-silva.com\/#website"},"datePublished":"2020-11-04T00:17:25+00:00","dateModified":"2023-11-22T14:37:51+00:00","breadcrumb":{"@id":"https:\/\/apartmaji-silva.com\/de\/about\/#breadcrumb"},"inLanguage":"en-US","potentialAction":[{"@type":"ReadAction","target":["https:\/\/apartmaji-silva.com\/de\/about\/"]}]},{"@type":"BreadcrumbList","@id":"https:\/\/apartmaji-silva.com\/de\/about\/#breadcrumb","itemListElement":[{"@type":"ListItem","position":1,"name":"Home","item":"https:\/\/apartmaji-silva.com\/"},{"@type":"ListItem","position":2,"name":"O NAS"}]},{"@type":"WebSite","@id":"https:\/\/apartmaji-silva.com\/#website","url":"https:\/\/apartmaji-silva.com\/","name":"Apartmaji Silva","description":"","publisher":{"@id":"https:\/\/apartmaji-silva.com\/#organization"},"potentialAction":[{"@type":"SearchAction","target":{"@type":"EntryPoint","urlTemplate":"https:\/\/apartmaji-silva.com\/?s={search_term_string}"},"query-input":"required name=search_term_string"}],"inLanguage":"en-US"},{"@type":"Organization","@id":"https:\/\/apartmaji-silva.com\/#organization","name":"Apartmaji Silva","url":"https:\/\/apartmaji-silva.com\/","logo":{"@type":"ImageObject","inLanguage":"en-US","@id":"https:\/\/apartmaji-silva.com\/#\/schema\/logo\/image\/","url":"https:\/\/apartmaji-silva.com\/wp-content\/uploads\/2023\/11\/cropped-logo-logo-1.webp","contentUrl":"https:\/\/apartmaji-silva.com\/wp-content\/uploads\/2023\/11\/cropped-logo-logo-1.webp","width":139,"height":109,"caption":"Apartmaji Silva"},"image":{"@id":"https:\/\/apartmaji-silva.com\/#\/schema\/logo\/image\/"}}]}},"_links":{"self":[{"href":"https:\/\/apartmaji-silva.com\/en\/wp-json\/wp\/v2\/pages\/210"}],"collection":[{"href":"https:\/\/apartmaji-silva.com\/en\/wp-json\/wp\/v2\/pages"}],"about":[{"href":"https:\/\/apartmaji-silva.com\/en\/wp-json\/wp\/v2\/types\/page"}],"author":[{"embeddable":true,"href":"https:\/\/apartmaji-silva.com\/en\/wp-json\/wp\/v2\/users\/1"}],"replies":[{"embeddable":true,"href":"https:\/\/apartmaji-silva.com\/en\/wp-json\/wp\/v2\/comments?post=210"}],"version-history":[{"count":0,"href":"https:\/\/apartmaji-silva.com\/en\/wp-json\/wp\/v2\/pages\/210\/revisions"}],"wp:featuredmedia":[{"embeddable":true,"href":"https:\/\/apartmaji-silva.com\/en\/wp-json\/wp\/v2\/media\/434"}],"wp:attachment":[{"href":"https:\/\/apartmaji-silva.com\/en\/wp-json\/wp\/v2\/media?parent=210"}],"curies":[{"name":"wp","href":"https:\/\/api.w.org\/{rel}","templated":true}]}}