{"id":982,"date":"2023-11-21T15:57:48","date_gmt":"2023-11-21T14:57:48","guid":{"rendered":"https:\/\/apartmaji-silva.com\/?page_id=982"},"modified":"2023-11-29T17:24:49","modified_gmt":"2023-11-29T16:24:49","slug":"najem-kolesa","status":"publish","type":"page","link":"https:\/\/apartmaji-silva.com\/en\/namestitve\/najem-kolesa\/","title":{"rendered":"Najem kolesa"},"content":{"rendered":"<div data-elementor-type=\"wp-page\" data-elementor-id=\"982\" class=\"elementor elementor-982\" data-elementor-post-type=\"page\">\n\t\t\t\t\t\t\t<div class=\"elementor-element elementor-element-2cb4ee8 e-flex e-con-boxed e-con e-parent\" data-id=\"2cb4ee8\" data-element_type=\"container\" data-settings=\"{&quot;content_width&quot;:&quot;boxed&quot;}\" data-core-v316-plus=\"true\">\n\t\t\t\t\t<div class=\"e-con-inner\">\n\t\t\t\t<div class=\"elementor-element elementor-element-b96aa0e elementor-widget elementor-widget-heading\" data-id=\"b96aa0e\" data-element_type=\"widget\" data-widget_type=\"heading.default\">\n\t\t\t\t<div class=\"elementor-widget-container\">\n\t\t\t<style>\/*! elementor - v3.17.0 - 08-11-2023 *\/\n.elementor-heading-title{padding:0;margin:0;line-height:1}.elementor-widget-heading .elementor-heading-title[class*=elementor-size-]>a{color:inherit;font-size:inherit;line-height:inherit}.elementor-widget-heading .elementor-heading-title.elementor-size-small{font-size:15px}.elementor-widget-heading .elementor-heading-title.elementor-size-medium{font-size:19px}.elementor-widget-heading .elementor-heading-title.elementor-size-large{font-size:29px}.elementor-widget-heading .elementor-heading-title.elementor-size-xl{font-size:39px}.elementor-widget-heading .elementor-heading-title.elementor-size-xxl{font-size:59px}<\/style><h2 class=\"elementor-heading-title elementor-size-default\">Rezerviraj svoje kolo!<\/h2>\t\t<\/div>\n\t\t\t\t<\/div>\n\t\t\t\t\t<\/div>\n\t\t\t\t<\/div>\n\t\t<div class=\"elementor-element elementor-element-44f4b29 e-con-full e-flex e-con e-parent\" data-id=\"44f4b29\" data-element_type=\"container\" data-settings=\"{&quot;content_width&quot;:&quot;full&quot;}\" data-core-v316-plus=\"true\">\n\t\t<div class=\"elementor-element elementor-element-f28e5c4 e-con-full e-flex e-con e-child\" data-id=\"f28e5c4\" data-element_type=\"container\" data-settings=\"{&quot;content_width&quot;:&quot;full&quot;}\">\n\t\t<div class=\"elementor-element elementor-element-944ecb9 e-con-full e-flex e-con e-child\" data-id=\"944ecb9\" data-element_type=\"container\" data-settings=\"{&quot;content_width&quot;:&quot;full&quot;}\">\n\t\t\t\t<div class=\"elementor-element elementor-element-26c5df9 elementor-arrows-position-inside elementor-widget elementor-widget-image-carousel\" data-id=\"26c5df9\" data-element_type=\"widget\" data-settings=\"{&quot;slides_to_show&quot;:&quot;1&quot;,&quot;navigation&quot;:&quot;arrows&quot;,&quot;autoplay&quot;:&quot;yes&quot;,&quot;pause_on_hover&quot;:&quot;yes&quot;,&quot;pause_on_interaction&quot;:&quot;yes&quot;,&quot;autoplay_speed&quot;:5000,&quot;infinite&quot;:&quot;yes&quot;,&quot;effect&quot;:&quot;slide&quot;,&quot;speed&quot;:500}\" data-widget_type=\"image-carousel.default\">\n\t\t\t\t<div class=\"elementor-widget-container\">\n\t\t\t<style>\/*! elementor - v3.17.0 - 08-11-2023 *\/\n.elementor-widget-image-carousel .swiper,.elementor-widget-image-carousel .swiper-container{position:static}.elementor-widget-image-carousel .swiper-container .swiper-slide figure,.elementor-widget-image-carousel .swiper .swiper-slide figure{line-height:inherit}.elementor-widget-image-carousel .swiper-slide{text-align:center}.elementor-image-carousel-wrapper:not(.swiper-container-initialized):not(.swiper-initialized) .swiper-slide{max-width:calc(100% \/ var(--e-image-carousel-slides-to-show, 3))}<\/style>\t\t<div class=\"elementor-image-carousel-wrapper swiper\" dir=\"ltr\">\n\t\t\t<div class=\"elementor-image-carousel swiper-wrapper\" aria-live=\"off\">\n\t\t\t\t\t\t\t\t<div class=\"swiper-slide\" role=\"group\" aria-roledescription=\"slide\" aria-label=\"1 of 5\"><figure class=\"swiper-slide-inner\"><img decoding=\"async\" class=\"swiper-slide-image\" src=\"https:\/\/apartmaji-silva.com\/wp-content\/uploads\/2023\/11\/IMGL7973-scaled.webp\" alt=\"IMGL7973\" \/><\/figure><\/div><div class=\"swiper-slide\" role=\"group\" aria-roledescription=\"slide\" aria-label=\"2 of 5\"><figure class=\"swiper-slide-inner\"><img decoding=\"async\" class=\"swiper-slide-image\" src=\"https:\/\/apartmaji-silva.com\/wp-content\/uploads\/2023\/11\/Elektricna-kokesa.webp\" alt=\"Elektri\u010dna kokesa\" \/><\/figure><\/div><div class=\"swiper-slide\" role=\"group\" aria-roledescription=\"slide\" aria-label=\"3 of 5\"><figure class=\"swiper-slide-inner\"><img decoding=\"async\" class=\"swiper-slide-image\" src=\"https:\/\/apartmaji-silva.com\/wp-content\/uploads\/2023\/11\/IMG_20210522_1658112.webp\" alt=\"IMG_20210522_165811(2)\" \/><\/figure><\/div><div class=\"swiper-slide\" role=\"group\" aria-roledescription=\"slide\" aria-label=\"4 of 5\"><figure class=\"swiper-slide-inner\"><img decoding=\"async\" class=\"swiper-slide-image\" src=\"https:\/\/apartmaji-silva.com\/wp-content\/uploads\/2023\/11\/IMG_20220329_083526.webp\" alt=\"IMG_20220329_083526\" \/><\/figure><\/div><div class=\"swiper-slide\" role=\"group\" aria-roledescription=\"slide\" aria-label=\"5 of 5\"><figure class=\"swiper-slide-inner\"><img decoding=\"async\" class=\"swiper-slide-image\" src=\"https:\/\/apartmaji-silva.com\/wp-content\/uploads\/2023\/11\/mosko-kolo-01.jpg\" alt=\"mosko-kolo-01\" \/><\/figure><\/div>\t\t\t<\/div>\n\t\t\t\t\t\t\t\t\t\t\t\t<div class=\"elementor-swiper-button elementor-swiper-button-prev\" role=\"button\" tabindex=\"0\">\n\t\t\t\t\t\t<i aria-hidden=\"true\" class=\"eicon-chevron-left\"><\/i>\t\t\t\t\t<\/div>\n\t\t\t\t\t<div class=\"elementor-swiper-button elementor-swiper-button-next\" role=\"button\" tabindex=\"0\">\n\t\t\t\t\t\t<i aria-hidden=\"true\" class=\"eicon-chevron-right\"><\/i>\t\t\t\t\t<\/div>\n\t\t\t\t\n\t\t\t\t\t\t\t\t\t<\/div>\n\t\t\t\t<\/div>\n\t\t\t\t<\/div>\n\t\t<div class=\"elementor-element elementor-element-2a681d1 e-con-full e-flex e-con e-child\" data-id=\"2a681d1\" data-element_type=\"container\" data-settings=\"{&quot;content_width&quot;:&quot;full&quot;}\">\n\t\t<div class=\"elementor-element elementor-element-0aa6ebd e-flex e-con-boxed e-con e-child\" data-id=\"0aa6ebd\" data-element_type=\"container\" data-settings=\"{&quot;content_width&quot;:&quot;boxed&quot;}\">\n\t\t\t\t\t<div class=\"e-con-inner\">\n\t\t<div class=\"elementor-element elementor-element-9b98739 e-con-full e-flex e-con e-child\" data-id=\"9b98739\" data-element_type=\"container\" data-settings=\"{&quot;content_width&quot;:&quot;full&quot;}\">\n\t\t\t\t<div class=\"elementor-element elementor-element-108d8d9 elementor-widget elementor-widget-text-editor\" data-id=\"108d8d9\" data-element_type=\"widget\" data-widget_type=\"text-editor.default\">\n\t\t\t\t<div class=\"elementor-widget-container\">\n\t\t\t<style>\/*! elementor - v3.17.0 - 08-11-2023 *\/\n.elementor-widget-text-editor.elementor-drop-cap-view-stacked .elementor-drop-cap{background-color:#69727d;color:#fff}.elementor-widget-text-editor.elementor-drop-cap-view-framed .elementor-drop-cap{color:#69727d;border:3px solid;background-color:transparent}.elementor-widget-text-editor:not(.elementor-drop-cap-view-default) .elementor-drop-cap{margin-top:8px}.elementor-widget-text-editor:not(.elementor-drop-cap-view-default) .elementor-drop-cap-letter{width:1em;height:1em}.elementor-widget-text-editor .elementor-drop-cap{float:left;text-align:center;line-height:1;font-size:50px}.elementor-widget-text-editor .elementor-drop-cap-letter{display:inline-block}<\/style>\t\t\t\t<p>Mo\u0161ka in \u017eenska kolesa, zelo kvalitetna, tudi elektri\u010dna<\/p><p>Najem kolesa \u2013 CENIK<\/p><ul><li>Najem kolesa za 1 dan:\u00a0 \u00a0\u00a0\u00a0\u00a0\u00a0\u00a0\u00a0\u00a0\u00a0\u00a0\u00a0\u00a0\u00a0\u00a0\u00a0\u00a0\u00a0\u00a012 EUR<\/li><li>Najem kolesa do 5 ur:\u00a0\u00a0\u00a0\u00a0\u00a0\u00a0\u00a0\u00a0\u00a0\u00a0\u00a0 \u00a0\u00a0\u00a0\u00a0\u00a0\u00a0\u00a0\u00a0\u00a0 \u00a0\u00a0 8 EUR<\/li><\/ul><p>Najem elektri\u010dnega kolesa \u2013 CENIK<\/p><ul><li>Najem elektri\u010dno kolo za 1 dan:\u00a0\u00a0\u00a0\u00a0\u00a0\u00a0 35 EUR<\/li><li>Najem elektri\u010dno kolo do 5 ur:\u00a0\u00a0\u00a0\u00a0\u00a0\u00a0\u00a0\u00a0 20 EUR<\/li><\/ul>\t\t\t\t\t\t<\/div>\n\t\t\t\t<\/div>\n\t\t\t\t<div class=\"elementor-element elementor-element-0200ca0 outlined elementor-widget elementor-widget-heading\" data-id=\"0200ca0\" data-element_type=\"widget\" data-widget_type=\"heading.default\">\n\t\t\t\t<div class=\"elementor-widget-container\">\n\t\t\t<h2 class=\"elementor-heading-title elementor-size-default\">Ne bo ti \u017eal<\/h2>\t\t<\/div>\n\t\t\t\t<\/div>\n\t\t\t\t<\/div>\n\t\t<div class=\"elementor-element elementor-element-e7e82cf e-con-full e-flex e-con e-child\" data-id=\"e7e82cf\" data-element_type=\"container\" data-settings=\"{&quot;content_width&quot;:&quot;full&quot;}\">\n\t\t\t\t<div class=\"elementor-element elementor-element-ffbfabb elementor-widget elementor-widget-html\" data-id=\"ffbfabb\" data-element_type=\"widget\" data-widget_type=\"html.default\">\n\t\t\t\t<div class=\"elementor-widget-container\">\n\t\t\t<script src=\"\/\/www.bentral.com\/service\/embed\/booking.js?id=5f6a49324d675f4d&lang=sl&key=49bfd231009ebf21be028e4d0cdc2289\"><\/script>\t\t<\/div>\n\t\t\t\t<\/div>\n\t\t\t\t<\/div>\n\t\t\t\t\t<\/div>\n\t\t\t\t<\/div>\n\t\t\t\t<\/div>\n\t\t\t\t<\/div>\n\t\t\t\t<\/div>\n\t\t\t\t<\/div>\n\t\t<div class=\"elementor-element elementor-element-b688578 e-flex e-con-boxed e-con e-parent\" data-id=\"b688578\" data-element_type=\"container\" data-settings=\"{&quot;content_width&quot;:&quot;boxed&quot;}\" data-core-v316-plus=\"true\">\n\t\t\t\t\t<div class=\"e-con-inner\">\n\t\t\t\t\t<\/div>\n\t\t\t\t<\/div>\n\t\t\t\t\t\t\t<\/div>","protected":false},"excerpt":{"rendered":"<p>Rezerviraj svoje kolo! Mo\u0161ka in \u017eenska kolesa, zelo kvalitetna, tudi elektri\u010dna Najem kolesa \u2013 CENIK Najem kolesa za 1 dan:\u00a0 \u00a0\u00a0\u00a0\u00a0\u00a0\u00a0\u00a0\u00a0\u00a0\u00a0\u00a0\u00a0\u00a0\u00a0\u00a0\u00a0\u00a0\u00a012 EUR Najem kolesa do 5 ur:\u00a0\u00a0\u00a0\u00a0\u00a0\u00a0\u00a0\u00a0\u00a0\u00a0\u00a0 \u00a0\u00a0\u00a0\u00a0\u00a0\u00a0\u00a0\u00a0\u00a0 \u00a0\u00a0 8 EUR Najem elektri\u010dnega kolesa \u2013 CENIK Najem elektri\u010dno kolo za 1 dan:\u00a0\u00a0\u00a0\u00a0\u00a0\u00a0 35 EUR Najem elektri\u010dno kolo do 5 ur:\u00a0\u00a0\u00a0\u00a0\u00a0\u00a0\u00a0\u00a0 20 EUR Ne bo ti [&hellip;]<\/p>","protected":false},"author":1,"featured_media":0,"parent":376,"menu_order":0,"comment_status":"closed","ping_status":"closed","template":"elementor_header_footer","meta":{"inline_featured_image":false,"footnotes":""},"yoast_head":"<!-- This site is optimized with the Yoast SEO Premium plugin v21.6 (Yoast SEO v21.6) - https:\/\/yoast.com\/wordpress\/plugins\/seo\/ -->\n<title>Najem kolesa - Ap. Silva kjer se boste imeli lepo<\/title>\n<meta name=\"robots\" content=\"index, follow, max-snippet:-1, max-image-preview:large, max-video-preview:-1\" \/>\n<link rel=\"canonical\" href=\"https:\/\/apartmaji-silva.com\/en\/namestitve\/najem-kolesa\/\" \/>\n<meta property=\"og:locale\" content=\"en_US\" \/>\n<meta property=\"og:type\" content=\"article\" \/>\n<meta property=\"og:title\" content=\"Najem kolesa\" \/>\n<meta property=\"og:description\" content=\"Rezerviraj svoje kolo! Mo\u0161ka in \u017eenska kolesa, zelo kvalitetna, tudi elektri\u010dna Najem kolesa \u2013 CENIK Najem kolesa za 1 dan:\u00a0 \u00a0\u00a0\u00a0\u00a0\u00a0\u00a0\u00a0\u00a0\u00a0\u00a0\u00a0\u00a0\u00a0\u00a0\u00a0\u00a0\u00a0\u00a012 EUR Najem kolesa do 5 ur:\u00a0\u00a0\u00a0\u00a0\u00a0\u00a0\u00a0\u00a0\u00a0\u00a0\u00a0 \u00a0\u00a0\u00a0\u00a0\u00a0\u00a0\u00a0\u00a0\u00a0 \u00a0\u00a0 8 EUR Najem elektri\u010dnega kolesa \u2013 CENIK Najem elektri\u010dno kolo za 1 dan:\u00a0\u00a0\u00a0\u00a0\u00a0\u00a0 35 EUR Najem elektri\u010dno kolo do 5 ur:\u00a0\u00a0\u00a0\u00a0\u00a0\u00a0\u00a0\u00a0 20 EUR Ne bo ti [&hellip;]\" \/>\n<meta property=\"og:url\" content=\"https:\/\/apartmaji-silva.com\/en\/namestitve\/najem-kolesa\/\" \/>\n<meta property=\"og:site_name\" content=\"Ap. Silva kjer se boste imeli lepo\" \/>\n<meta property=\"article:modified_time\" content=\"2023-11-29T16:24:49+00:00\" \/>\n<meta property=\"og:image\" content=\"https:\/\/apartmaji-silva.com\/wp-content\/uploads\/2023\/11\/IMGL7973-scaled.webp\" \/>\n<meta name=\"twitter:card\" content=\"summary_large_image\" \/>\n<script type=\"application\/ld+json\" class=\"yoast-schema-graph\">{\"@context\":\"https:\/\/schema.org\",\"@graph\":[{\"@type\":\"WebPage\",\"@id\":\"https:\/\/apartmaji-silva.com\/namestitve\/najem-kolesa\/\",\"url\":\"https:\/\/apartmaji-silva.com\/namestitve\/najem-kolesa\/\",\"name\":\"Najem kolesa - Ap. Silva kjer se boste imeli lepo\",\"isPartOf\":{\"@id\":\"https:\/\/apartmaji-silva.com\/#website\"},\"datePublished\":\"2023-11-21T14:57:48+00:00\",\"dateModified\":\"2023-11-29T16:24:49+00:00\",\"breadcrumb\":{\"@id\":\"https:\/\/apartmaji-silva.com\/namestitve\/najem-kolesa\/#breadcrumb\"},\"inLanguage\":\"en-US\",\"potentialAction\":[{\"@type\":\"ReadAction\",\"target\":[\"https:\/\/apartmaji-silva.com\/namestitve\/najem-kolesa\/\"]}]},{\"@type\":\"BreadcrumbList\",\"@id\":\"https:\/\/apartmaji-silva.com\/namestitve\/najem-kolesa\/#breadcrumb\",\"itemListElement\":[{\"@type\":\"ListItem\",\"position\":1,\"name\":\"Home\",\"item\":\"https:\/\/apartmaji-silva.com\/\"},{\"@type\":\"ListItem\",\"position\":2,\"name\":\"Namestitve\",\"item\":\"https:\/\/apartmaji-silva.com\/namestitve\/\"},{\"@type\":\"ListItem\",\"position\":3,\"name\":\"Najem kolesa\"}]},{\"@type\":\"WebSite\",\"@id\":\"https:\/\/apartmaji-silva.com\/#website\",\"url\":\"https:\/\/apartmaji-silva.com\/\",\"name\":\"Apartmaji Silva\",\"description\":\"\",\"publisher\":{\"@id\":\"https:\/\/apartmaji-silva.com\/#organization\"},\"potentialAction\":[{\"@type\":\"SearchAction\",\"target\":{\"@type\":\"EntryPoint\",\"urlTemplate\":\"https:\/\/apartmaji-silva.com\/?s={search_term_string}\"},\"query-input\":\"required name=search_term_string\"}],\"inLanguage\":\"en-US\"},{\"@type\":\"Organization\",\"@id\":\"https:\/\/apartmaji-silva.com\/#organization\",\"name\":\"Apartmaji Silva\",\"url\":\"https:\/\/apartmaji-silva.com\/\",\"logo\":{\"@type\":\"ImageObject\",\"inLanguage\":\"en-US\",\"@id\":\"https:\/\/apartmaji-silva.com\/#\/schema\/logo\/image\/\",\"url\":\"https:\/\/apartmaji-silva.com\/wp-content\/uploads\/2023\/11\/cropped-logo-logo-1.webp\",\"contentUrl\":\"https:\/\/apartmaji-silva.com\/wp-content\/uploads\/2023\/11\/cropped-logo-logo-1.webp\",\"width\":139,\"height\":109,\"caption\":\"Apartmaji Silva\"},\"image\":{\"@id\":\"https:\/\/apartmaji-silva.com\/#\/schema\/logo\/image\/\"}}]}<\/script>\n<!-- \/ Yoast SEO Premium plugin. -->","yoast_head_json":{"title":"Najem kolesa - Ap. Silva kjer se boste imeli lepo","robots":{"index":"index","follow":"follow","max-snippet":"max-snippet:-1","max-image-preview":"max-image-preview:large","max-video-preview":"max-video-preview:-1"},"canonical":"https:\/\/apartmaji-silva.com\/en\/namestitve\/najem-kolesa\/","og_locale":"en_US","og_type":"article","og_title":"Najem kolesa","og_description":"Rezerviraj svoje kolo! Mo\u0161ka in \u017eenska kolesa, zelo kvalitetna, tudi elektri\u010dna Najem kolesa \u2013 CENIK Najem kolesa za 1 dan:\u00a0 \u00a0\u00a0\u00a0\u00a0\u00a0\u00a0\u00a0\u00a0\u00a0\u00a0\u00a0\u00a0\u00a0\u00a0\u00a0\u00a0\u00a0\u00a012 EUR Najem kolesa do 5 ur:\u00a0\u00a0\u00a0\u00a0\u00a0\u00a0\u00a0\u00a0\u00a0\u00a0\u00a0 \u00a0\u00a0\u00a0\u00a0\u00a0\u00a0\u00a0\u00a0\u00a0 \u00a0\u00a0 8 EUR Najem elektri\u010dnega kolesa \u2013 CENIK Najem elektri\u010dno kolo za 1 dan:\u00a0\u00a0\u00a0\u00a0\u00a0\u00a0 35 EUR Najem elektri\u010dno kolo do 5 ur:\u00a0\u00a0\u00a0\u00a0\u00a0\u00a0\u00a0\u00a0 20 EUR Ne bo ti [&hellip;]","og_url":"https:\/\/apartmaji-silva.com\/en\/namestitve\/najem-kolesa\/","og_site_name":"Ap. Silva kjer se boste imeli lepo","article_modified_time":"2023-11-29T16:24:49+00:00","og_image":[{"url":"https:\/\/apartmaji-silva.com\/wp-content\/uploads\/2023\/11\/IMGL7973-scaled.webp"}],"twitter_card":"summary_large_image","schema":{"@context":"https:\/\/schema.org","@graph":[{"@type":"WebPage","@id":"https:\/\/apartmaji-silva.com\/namestitve\/najem-kolesa\/","url":"https:\/\/apartmaji-silva.com\/namestitve\/najem-kolesa\/","name":"Najem kolesa - Ap. Silva kjer se boste imeli lepo","isPartOf":{"@id":"https:\/\/apartmaji-silva.com\/#website"},"datePublished":"2023-11-21T14:57:48+00:00","dateModified":"2023-11-29T16:24:49+00:00","breadcrumb":{"@id":"https:\/\/apartmaji-silva.com\/namestitve\/najem-kolesa\/#breadcrumb"},"inLanguage":"en-US","potentialAction":[{"@type":"ReadAction","target":["https:\/\/apartmaji-silva.com\/namestitve\/najem-kolesa\/"]}]},{"@type":"BreadcrumbList","@id":"https:\/\/apartmaji-silva.com\/namestitve\/najem-kolesa\/#breadcrumb","itemListElement":[{"@type":"ListItem","position":1,"name":"Home","item":"https:\/\/apartmaji-silva.com\/"},{"@type":"ListItem","position":2,"name":"Namestitve","item":"https:\/\/apartmaji-silva.com\/namestitve\/"},{"@type":"ListItem","position":3,"name":"Najem kolesa"}]},{"@type":"WebSite","@id":"https:\/\/apartmaji-silva.com\/#website","url":"https:\/\/apartmaji-silva.com\/","name":"Apartmaji Silva","description":"","publisher":{"@id":"https:\/\/apartmaji-silva.com\/#organization"},"potentialAction":[{"@type":"SearchAction","target":{"@type":"EntryPoint","urlTemplate":"https:\/\/apartmaji-silva.com\/?s={search_term_string}"},"query-input":"required name=search_term_string"}],"inLanguage":"en-US"},{"@type":"Organization","@id":"https:\/\/apartmaji-silva.com\/#organization","name":"Apartmaji Silva","url":"https:\/\/apartmaji-silva.com\/","logo":{"@type":"ImageObject","inLanguage":"en-US","@id":"https:\/\/apartmaji-silva.com\/#\/schema\/logo\/image\/","url":"https:\/\/apartmaji-silva.com\/wp-content\/uploads\/2023\/11\/cropped-logo-logo-1.webp","contentUrl":"https:\/\/apartmaji-silva.com\/wp-content\/uploads\/2023\/11\/cropped-logo-logo-1.webp","width":139,"height":109,"caption":"Apartmaji Silva"},"image":{"@id":"https:\/\/apartmaji-silva.com\/#\/schema\/logo\/image\/"}}]}},"_links":{"self":[{"href":"https:\/\/apartmaji-silva.com\/en\/wp-json\/wp\/v2\/pages\/982"}],"collection":[{"href":"https:\/\/apartmaji-silva.com\/en\/wp-json\/wp\/v2\/pages"}],"about":[{"href":"https:\/\/apartmaji-silva.com\/en\/wp-json\/wp\/v2\/types\/page"}],"author":[{"embeddable":true,"href":"https:\/\/apartmaji-silva.com\/en\/wp-json\/wp\/v2\/users\/1"}],"replies":[{"embeddable":true,"href":"https:\/\/apartmaji-silva.com\/en\/wp-json\/wp\/v2\/comments?post=982"}],"version-history":[{"count":0,"href":"https:\/\/apartmaji-silva.com\/en\/wp-json\/wp\/v2\/pages\/982\/revisions"}],"up":[{"embeddable":true,"href":"https:\/\/apartmaji-silva.com\/en\/wp-json\/wp\/v2\/pages\/376"}],"wp:attachment":[{"href":"https:\/\/apartmaji-silva.com\/en\/wp-json\/wp\/v2\/media?parent=982"}],"curies":[{"name":"wp","href":"https:\/\/api.w.org\/{rel}","templated":true}]}}